{"id":1270,"date":"2025-03-17T10:34:09","date_gmt":"2025-03-17T09:34:09","guid":{"rendered":"https:\/\/mbtb.pl\/?page_id=1270"},"modified":"2026-02-09T10:18:47","modified_gmt":"2026-02-09T09:18:47","slug":"poradnik-eksperta-2","status":"publish","type":"page","link":"https:\/\/mbtb.pl\/?page_id=1270","title":{"rendered":"Poradnik Eksperta"},"content":{"rendered":"<div  data-label=\"Content\" data-id=\"content--1\" data-export-id=\"content-8-mc\" data-category=\"content\" class=\"content-8-mc content-section content-section-spacing\" id=\"content-1\" style=\"background-color: rgb(255, 255, 255);\"><div  class=\"gridContainer\"> <div  class=\"row middle-sm\"><div  class=\"col-sm-6 space-bottom-xs space-top-xs\" data-type=\"column\"> <img  decoding=\"async\" class=\"shadow-large\" src=\"https:\/\/mbtb.pl\/wp-content\/uploads\/2024\/12\/1.png\" title=\"1\" alt=\"\"><\/div> <div  class=\"col-sm-6\" data-type=\"column\"><h2  class=\"\"><span style=\"font-weight: 400;\" >JAK UNIKN\u0104\u0106 PRZEBARWIE\u0143 I WYKWIT\u00d3W NA KOSTCE BRUKOWEJ?<\/span><span id=\"_mce_caret\" data-mce-bogus=\"1\" data-mce-type=\"format-caret\" ><span style=\"font-weight: 100;\" >\ufeff<\/span><\/span><\/h2> <p  class=\"\"><span  style=\"font-weight: 900;\">Betonowa kostka brukowa<\/span> to nie tylko praktyczne rozwi\u0105zanie, ale tak\u017ce wizyt\u00f3wka ka\u017cdego podw\u00f3rka, ogrodu czy miejskiego placu. Prawid\u0142owo u\u0142o\u017cona nawierzchnia przyci\u0105ga uwag\u0119, dodaje przestrzeni elegancji i harmonii. Jednak czasami na jej powierzchni pojawiaj\u0105 si\u0119 nieestetyczne wykwity lub przebarwienia. W tym artykule om\u00f3wimy przyczyny tego zjawiska i podpowiemy, jak temu zapobiec.<\/p> <a  class=\"button color1\" href=\"https:\/\/mbtb.pl?page_id=1308\" cp_node_9\"=\"\" tel:667083628&quot;=\"\" target=\"_self\" data-cp-link=\"1\" data-icon=\"\">Czytaj wi\u0119cej<\/a><\/div> <\/div><\/div> <\/div><div  data-label=\"Content\" data-id=\"content--2\" data-export-id=\"content-8-mc\" data-category=\"content\" class=\"content-8-mc content-section content-section-spacing\" id=\"content-2\" style=\"background-color: rgb(255, 255, 255); background-image: none;\"><div  class=\"gridContainer\"> <div  class=\"row middle-sm\"><div  class=\"col-sm-6 space-bottom-xs space-top-xs\" data-type=\"column\"><img  decoding=\"async\" class=\"custom-image\" src=\"https:\/\/mbtb.pl\/wp-content\/uploads\/2026\/01\/cropped-1-3.png\" title=\"cropped-1-3.png\" alt=\"\"> <\/div> <div  class=\"col-sm-6\" data-type=\"column\"><h2  class=\"\">WYPE\u0141NIENIE SPOIN TO FUNDAMENT NAWIERZCHNI<\/h2> <p  class=\"\"><span  style=\"font-weight: 900;\">Wype\u0142nienie spoin<\/span> piaskiem nie jest tylko zabiegiem estetycznym, lecz kluczowym etapem konstrukcyjnym, kt\u00f3ry zapewnia stabilno\u015b\u0107 nawierzchni i chroni j\u0105 przed nieodwracaln\u0105 degradacj\u0105.\n<br ><br >\nPrawid\u0142owo \u201czafugowana\u201d szczelina pozwala elementom betonowym wsp\u00f3\u0142pracowa\u0107 jako monolit, rozk\u0142adaj\u0105c obci\u0105\u017cenia w spos\u00f3b bezpieczny dla ka\u017cdego pojedynczego elementu.<\/p> <a  class=\"button color1\" href=\"https:\/\/mbtb.pl?page_id=1422\" target=\"_self\" data-cp-link=\"1\" data-icon=\"\">Czytaj wi\u0119cej<\/a><\/div> <\/div><\/div> <\/div><div  data-label=\"Content\" data-id=\"content--3\" data-export-id=\"content-8-mc\" data-category=\"content\" class=\"content-8-mc content-section content-section-spacing\" id=\"content-3\" style=\"background-color: rgb(255, 255, 255); background-image: none;\"><div  class=\"gridContainer\"> <div  class=\"row middle-sm\"><div  class=\"col-sm-6 space-bottom-xs space-top-xs\" data-type=\"column\"> <img  decoding=\"async\" class=\"shadow-large\" src=\"https:\/\/mbtb.pl\/wp-content\/uploads\/2026\/02\/1.png\" title=\"1\" alt=\"\"><\/div> <div  class=\"col-sm-6\" data-type=\"column\"><h2  class=\"\">RDZAWE PLAMY NA KOSTCE BRUKOWEJ? DLACZEGO POWSTAJ\u0104 I JAK JE SKUTECZNIE USUN\u0104\u0106?<\/h2> <p  class=\"\"><span  style=\"font-weight: 900;\"><b >Rdzawe przebarwienia<\/b><\/span> na nawierzchniach betonowych najcz\u0119\u015bciej nie s\u0105 wad\u0105 wyrob\u00f3w, lecz wynikiem dzia\u0142ania czynnik\u00f3w zewn\u0119trznych, takich jak nawozy do trawnik\u00f3w lub woda z uj\u0119\u0107 w\u0142asnych. \n<br ><br >Jako Technolog Betonu <span  style=\"font-weight: 900;\"><b >MB-TB<\/b><\/span>, cz\u0119sto spotykam si\u0119 z tym problemem podczas ekspertyz. Dobr\u0105 wiadomo\u015bci\u0105 jest to, \u017ce wi\u0119kszo\u015b\u0107 tych zabrudze\u0144 mo\u017cna skutecznie usun\u0105\u0107 bez trwa\u0142ego uszkodzenia struktury betonowej nawierzchni.<\/p> <a  class=\"button color1\" href=\"https:\/\/mbtb.pl?page_id=1510\" target=\"_self\" data-cp-link=\"1\" data-icon=\"\">Czytaj wi\u0119cej<\/a><\/div> <\/div><\/div> <\/div>","protected":false},"excerpt":{"rendered":"<p>JAK UNIKN\u0104\u0106 PRZEBARWIE\u0143 I WYKWIT\u00d3W NA KOSTCE BRUKOWEJ?\ufeff Betonowa kostka brukowa to nie tylko praktyczne rozwi\u0105zanie, ale tak\u017ce wizyt\u00f3wka ka\u017cdego podw\u00f3rka, ogrodu czy miejskiego placu. Prawid\u0142owo u\u0142o\u017cona nawierzchnia przyci\u0105ga uwag\u0119, dodaje przestrzeni elegancji i harmonii. Jednak czasami na jej powierzchni pojawiaj\u0105 si\u0119 nieestetyczne wykwity lub przebarwienia. W tym artykule om\u00f3wimy przyczyny tego zjawiska i podpowiemy,<a class=\"moretag\" href=\"https:\/\/mbtb.pl\/?page_id=1270\">          Czytaj ca\u0142y artyku\u0142&#8230;<\/a><\/p>\n","protected":false},"author":1,"featured_media":0,"parent":0,"menu_order":0,"comment_status":"closed","ping_status":"closed","template":"pro\/page-templates\/full-width-page.php","meta":{"footnotes":""},"class_list":["post-1270","page","type-page","status-publish","hentry"],"_links":{"self":[{"href":"https:\/\/mbtb.pl\/index.php?rest_route=\/wp\/v2\/pages\/1270","targetHints":{"allow":["GET"]}}],"collection":[{"href":"https:\/\/mbtb.pl\/index.php?rest_route=\/wp\/v2\/pages"}],"about":[{"href":"https:\/\/mbtb.pl\/index.php?rest_route=\/wp\/v2\/types\/page"}],"author":[{"embeddable":true,"href":"https:\/\/mbtb.pl\/index.php?rest_route=\/wp\/v2\/users\/1"}],"replies":[{"embeddable":true,"href":"https:\/\/mbtb.pl\/index.php?rest_route=%2Fwp%2Fv2%2Fcomments&post=1270"}],"version-history":[{"count":14,"href":"https:\/\/mbtb.pl\/index.php?rest_route=\/wp\/v2\/pages\/1270\/revisions"}],"predecessor-version":[{"id":1622,"href":"https:\/\/mbtb.pl\/index.php?rest_route=\/wp\/v2\/pages\/1270\/revisions\/1622"}],"wp:attachment":[{"href":"https:\/\/mbtb.pl\/index.php?rest_route=%2Fwp%2Fv2%2Fmedia&parent=1270"}],"curies":[{"name":"wp","href":"https:\/\/api.w.org\/{rel}","templated":true}]}}