{"id":1308,"date":"2025-03-18T09:52:28","date_gmt":"2025-03-18T08:52:28","guid":{"rendered":"https:\/\/mbtb.pl\/?page_id=1308"},"modified":"2026-01-11T13:18:15","modified_gmt":"2026-01-11T12:18:15","slug":"jak-uniknac-przebarwien-i-wykwitow-na-kostce-brukowej","status":"publish","type":"page","link":"https:\/\/mbtb.pl\/?page_id=1308","title":{"rendered":"\ud83c\udfaf JAK UNIKN\u0104\u0106 PRZEBARWIE\u0143 I WYKWIT\u00d3W NA KOSTCE BRUKOWEJ?"},"content":{"rendered":"<div  data-label=\"Content\" data-id=\"content--1\" data-export-id=\"content-8-mc\" data-category=\"content\" class=\"content-8-mc content-section content-section-spacing\" id=\"content-1\" style=\"background-color: rgb(255, 255, 255);\"><div  class=\"gridContainer\"> <div  class=\"row middle-sm\"><div  class=\"col-sm-6 space-bottom-xs space-top-xs\" data-type=\"column\"> <img  decoding=\"async\" class=\"shadow-large\" src=\"https:\/\/mbtb.pl\/wp-content\/uploads\/2025\/02\/cropped-cropped-cropped-14.png\" title=\"cropped-cropped-cropped-14.png\" alt=\"\"><\/div> <div  class=\"col-sm-6\" data-type=\"column\">  <p  class=\"lead\"><span  style=\"font-weight: 400;\"><span  style=\"font-weight: 900;\">Betonowa kostka brukowa<\/span> to nie tylko praktyczne rozwi\u0105zanie, ale tak\u017ce wizyt\u00f3wka ka\u017cdego podw\u00f3rka, ogrodu czy miejskiego placu. Prawid\u0142owo u\u0142o\u017cona nawierzchnia przyci\u0105ga uwag\u0119, dodaje przestrzeni elegancji i harmonii. Jednak czasami na jej powierzchni pojawiaj\u0105 si\u0119 nieestetyczne wykwity lub przebarwienia. W tym artykule om\u00f3wimy przyczyny tego zjawiska i podpowiemy, jak temu zapobiec.<\/span><\/p><\/div> <\/div><\/div> <\/div><div  data-label=\"Content\" data-id=\"content--2\" data-export-id=\"content-7-mc\" data-category=\"content\" class=\"content-7-mc content-section content-section-spacing\" id=\"content-2\" style=\"background-color: rgb(255, 255, 255); background-image: none;\"><div  class=\"gridContainer\"> <div  class=\"row middle-sm\"><div  class=\"col-sm-6 space-bottom-xs\" data-type=\"column\">   <p  class=\"lead\"><span  style=\"font-weight: 400;\"><span  style=\"font-weight: 900;\"> NATURALNE PI\u0118KNO BETONU \u2013 SK\u0104D BIOR\u0104 SI\u0118 WYKWITY?<br ><br >Wykwity wapienne<\/span> to bia\u0142e smugi lub naloty, kt\u00f3re powstaj\u0105 w wyniku naturalnych proces\u00f3w chemicznych zachodz\u0105cych w betonie. Wodorotlenek wapnia, b\u0119d\u0105cy produktem reakcji chemicznych cementu, w kontakcie z wilgoci\u0105 migruje na powierzchni\u0119 kostki. Tam, reaguj\u0105c z dwutlenkiem w\u0119gla z powietrza, tworzy nierozpuszczalny w\u0119glan wapnia \u2013 to w\u0142a\u015bnie on tworzy bia\u0142y nalot. Wykwity te, cho\u0107 nieestetyczne, nie wp\u0142ywaj\u0105 na trwa\u0142o\u015b\u0107 kostki i z czasem znikaj\u0105 samoistnie, rozpuszczane przez deszcz i \u015bcierane w trakcie codziennego u\u017cytkowania.<\/span><\/p><\/div> <div  class=\"col-sm-6\" data-type=\"column\"> <img  decoding=\"async\" class=\"shadow-large\" src=\"https:\/\/mbtb.pl\/wp-content\/uploads\/2025\/02\/cropped-cropped-cropped-15.jpg\" title=\"cropped-cropped-cropped-15.jpg\" alt=\"\"><\/div> <\/div><\/div> <\/div><div  data-label=\"Counters\" data-id=\"counters--1\" data-export-id=\"counters-2\" data-category=\"counters\" class=\"counters-2 content-section content-section-spacing\" id=\"counters-1\" style=\"background-color: rgb(255, 255, 255); background-image: none;\"><div  class=\"gridContainer\"> <div  class=\"row text-center\"><div  class=\"section-title-col\" data-type=\"column\">  <p  class=\"lead\" style=\"text-align: left;\"><span  style=\"color: rgb(0, 0, 0); font-weight: 400;\"><span  style=\"font-weight: 900;\"> <img decoding=\"async\"  draggable=\"false\" role=\"img\" class=\"emoji\" alt=\"\ud83d\udc49\" src=\"https:\/\/s.w.org\/images\/core\/emoji\/15.0.3\/svg\/1f449.svg\"> PRZEBARWIENIA \u2013 NIE TYLKO KWESTIA ESTETYKI\r\n<\/span><\/span><br ><span  style=\"color: rgb(0, 0, 0); font-weight: 400;\"><img  decoding=\"async\" draggable=\"false\" role=\"img\" class=\"emoji\" alt=\"\ud83d\udd39\" src=\"https:\/\/s.w.org\/images\/core\/emoji\/15.0.3\/svg\/1f539.svg\"> Zmienno\u015b\u0107 <span  style=\"font-weight: 700;\">surowc\u00f3w produkcyjnych<\/span>, \r\n<br ><img  decoding=\"async\" draggable=\"false\" role=\"img\" class=\"emoji\" alt=\"\ud83d\udd39\" src=\"https:\/\/s.w.org\/images\/core\/emoji\/15.0.3\/svg\/1f539.svg\"> Znacz\u0105ce <span  style=\"font-weight: 700;\">r\u00f3\u017cnice w wilgotno\u015bci<\/span> mieszanki betonowej, w ramach jednej partiiprodukcyjnej,\r\n<br ><img  decoding=\"async\" draggable=\"false\" role=\"img\" class=\"emoji\" alt=\"\ud83d\udd39\" src=\"https:\/\/s.w.org\/images\/core\/emoji\/15.0.3\/svg\/1f539.svg\"> <span  style=\"font-weight: 700;\">Warunki dojrzewania<\/span> betonu w r\u00f3\u017cnych temperaturach i poziomach wilgotno\u015bci \r\n<br ><img  decoding=\"async\" draggable=\"false\" role=\"img\" class=\"emoji\" alt=\"\ud83d\udd39\" src=\"https:\/\/s.w.org\/images\/core\/emoji\/15.0.3\/svg\/1f539.svg\"> <span  style=\"font-weight: 700;\">Spos\u00f3b sk\u0142adowania kostki<\/span> \u2013 ekspozycja na \u015bwiat\u0142o, wilgo\u0107 czy r\u00f3\u017cnorodne warunkiatmosferyczne\r\n<\/span><br ><span  style=\"color: rgb(0, 0, 0); font-weight: 900;\">\r\nWszystkie sytuacje wynikaj\u0105 z naturalnych proces\u00f3w produkcyjnych, cz\u0119sto s\u0105 niezale\u017cne od producenta i dopuszczalne przez normy produktowe. Takie r\u00f3\u017cnice najcz\u0119\u015bciej, ulegaj\u0105 ujednoliceniu w trakcie naturalnego u\u017cytkowania nawierzchni.\r\n<\/span><br ><span  style=\"color: rgb(0, 0, 0); font-weight: 400;\">\r\n <span  style=\"font-weight: 900;\"><img decoding=\"async\"  draggable=\"false\" role=\"img\" class=\"emoji\" alt=\"\ud83d\udccc\" src=\"https:\/\/s.w.org\/images\/core\/emoji\/15.0.3\/svg\/1f4cc.svg\">JAK ZAPOBIEGA\u0106 WYKWITOM I PRZEBARWIENIOM?\r\n<\/span><\/span>\r\n<br ><br ><span  style=\"color: rgb(0, 0, 0); font-weight: 400;\">\r\nZadbaj o ka\u017cdy etap procesu realizacji inwestycji.<\/span><br ><span  style=\"color: rgb(0, 0, 0); font-weight: 400;\">\r\n <img  decoding=\"async\" draggable=\"false\" role=\"img\" class=\"emoji\" alt=\"\u2705\" src=\"https:\/\/s.w.org\/images\/core\/emoji\/15.0.3\/svg\/2705.svg\">Wybieraj kostk\u0119 od <span  style=\"font-weight: 700;\">sprawdzonych producent\u00f3w<\/span>.<\/span><br ><span  style=\"color: rgb(0, 0, 0); font-weight: 400;\">\r\n <img  decoding=\"async\" draggable=\"false\" role=\"img\" class=\"emoji\" alt=\"\u2705\" src=\"https:\/\/s.w.org\/images\/core\/emoji\/15.0.3\/svg\/2705.svg\">Podczas dostawy upewnij si\u0119, \u017ce dostarczona <span  style=\"font-weight: 700;\">kostka pochodzi z jednej partii produkcyjnej<\/span>.<\/span><br ><span  style=\"color: rgb(0, 0, 0); font-weight: 400;\">\r\n <img  decoding=\"async\" draggable=\"false\" role=\"img\" class=\"emoji\" alt=\"\u2705\" src=\"https:\/\/s.w.org\/images\/core\/emoji\/15.0.3\/svg\/2705.svg\">Wszelkie <span  style=\"font-weight: 700;\">zastrze\u017cenia dotycz\u0105ce wygl\u0105du kostki zg\u0142aszaj przed jej wbudowaniem<\/span>.<\/span><br ><span  style=\"color: rgb(0, 0, 0); font-weight: 400;\">\r\n <img  decoding=\"async\" draggable=\"false\" role=\"img\" class=\"emoji\" alt=\"\u2705\" src=\"https:\/\/s.w.org\/images\/core\/emoji\/15.0.3\/svg\/2705.svg\">Zle\u0107 uk\u0142adanie kostki do\u015bwiadczonemu wykonawcy, kt\u00f3ry zadba o w\u0142a\u015bciwe <span  style=\"font-weight: 700;\">przygotowanie podbudowy<\/span>, odprowadzi nadmiar wilgoci i zapobiegnie jej gromadzeniu si\u0119 pod nawierzchni\u0105 z kostki czy p\u0142yt brukowych.<\/span><br ><span  style=\"color: rgb(0, 0, 0); font-weight: 400;\">\r\n <img  decoding=\"async\" draggable=\"false\" role=\"img\" class=\"emoji\" alt=\"\u2705\" src=\"https:\/\/s.w.org\/images\/core\/emoji\/15.0.3\/svg\/2705.svg\"><span  style=\"font-weight: 700;\">Podczas uk\u0142adania kostki pobieraj materia\u0142 w pionie, z minimum 3 palet<\/span> jednocze\u015bnie, mieszaj\u0105c go wzajemnie. W ten spos\u00f3b unikniesz widocznych r\u00f3\u017cnic w odcieniach kostki.<\/span><br ><span  style=\"color: rgb(0, 0, 0); font-weight: 400;\">\r\n <img  decoding=\"async\" draggable=\"false\" role=\"img\" class=\"emoji\" alt=\"\u2705\" src=\"https:\/\/s.w.org\/images\/core\/emoji\/15.0.3\/svg\/2705.svg\"><span  style=\"font-weight: 700;\">Regularnie czy\u015b\u0107 nawierzchni\u0119<\/span> wod\u0105 pod ci\u015bnieniem i usuwaj zanieczyszczenia.<\/span><br ><span  style=\"color: rgb(0, 0, 0); font-weight: 400;\">\r\n <img  decoding=\"async\" draggable=\"false\" role=\"img\" class=\"emoji\" alt=\"\u2705\" src=\"https:\/\/s.w.org\/images\/core\/emoji\/15.0.3\/svg\/2705.svg\"><span  style=\"font-weight: 700;\">Ogranicz stosowanie soli<\/span> odladzaj\u0105cych i regularnie stosuj impregnaty ochronne.<\/span><\/p><\/div> <\/div> <div  class=\"row\" data-type=\"row\"> <div  class=\"col-xs-12 col-sm-4 text-center space-bottom\">   <\/div>   <\/div><\/div> <\/div><div  data-label=\"Gallery\" data-id=\"gallery--1\" data-export-id=\"gallery-1\" data-category=\"gallery\" class=\"gallery-1 content-section content-section-spacing\" id=\"gallery-1\" style=\"background-color: rgb(255, 255, 255); background-image: none;\"><div  class=\"gridContainer\"> <div  class=\"row\"><div  class=\"section-title-col\" data-type=\"column\">  <\/div> <\/div> <div  class=\"row text-center\"> <div  class=\"col-xs-12\" data-editable=\"true\" data-content-shortcode=\"mesmerize_gallery id=&quot;mesmerize-gallery-1&quot; columns=&quot;2&quot; ids=&quot;1325,1164&quot; lb=&quot;1&quot; masonry=&quot;1&quot; size=&quot;full&quot; link=&quot;file&quot; \"><div id='mesmerize-gallery-1' class='gallery-wrapper'><style type=\"text\/css\">\n                    @media only screen and (min-width: 768px) {\n                    [data-unique-id='mesmerize-gallery-1-69e372f7d10fb'] dl {\n                        float: left;\n                        width: 50% !important;\n                        max-width:  50% !important;\n                        min-width:  50% !important;\n                    }\n\n                    [data-unique-id='mesmerize-gallery-1-69e372f7d10fb'] dl:nth-of-type(2n +1 ) {\n                      clear: both;\n                      }\n                    }\n                <\/style><div id='mesmerize-gallery-1' class='mesmerize-gallery-1-dls-wrapper gallery-items-wrapper materialis-gallery' data-unique-id='mesmerize-gallery-1-69e372f7d10fb'><dl class='gallery-item'>\n\t\t\t<dt class='gallery-icon landscape'>\n\t\t\t\t<a data-fancybox=\"mesmerize-gallery-1-group\" href='https:\/\/mbtb.pl\/wp-content\/uploads\/2024\/12\/cropped-A01.3-1-scaled-1.jpg'><img loading=\"lazy\" decoding=\"async\"  width=\"2559\" height=\"1553\" src=\"https:\/\/mbtb.pl\/wp-content\/uploads\/2024\/12\/cropped-A01.3-1-scaled-1.jpg\"  class='mesmerize-gallery-1-image' alt=\"\" srcset=\"https:\/\/mbtb.pl\/wp-content\/uploads\/2024\/12\/cropped-A01.3-1-scaled-1.jpg 2559w, https:\/\/mbtb.pl\/wp-content\/uploads\/2024\/12\/cropped-A01.3-1-scaled-1-300x182.jpg 300w, https:\/\/mbtb.pl\/wp-content\/uploads\/2024\/12\/cropped-A01.3-1-scaled-1-1024x621.jpg 1024w, https:\/\/mbtb.pl\/wp-content\/uploads\/2024\/12\/cropped-A01.3-1-scaled-1-768x466.jpg 768w, https:\/\/mbtb.pl\/wp-content\/uploads\/2024\/12\/cropped-A01.3-1-scaled-1-1536x932.jpg 1536w, https:\/\/mbtb.pl\/wp-content\/uploads\/2024\/12\/cropped-A01.3-1-scaled-1-2048x1243.jpg 2048w, https:\/\/mbtb.pl\/wp-content\/uploads\/2024\/12\/cropped-A01.3-1-scaled-1-1780x1080.jpg 1780w\" sizes=\"auto, (max-width: 2559px) 100vw, 2559px\" \/><\/a>\n\t\t\t<\/dt><\/dl><dl class='gallery-item'>\n\t\t\t<dt class='gallery-icon landscape'>\n\t\t\t\t<a data-fancybox=\"mesmerize-gallery-1-group\" href='https:\/\/mbtb.pl\/wp-content\/uploads\/2024\/12\/A01.4-scaled.jpg'><img loading=\"lazy\" decoding=\"async\"  width=\"2560\" height=\"1214\" src=\"https:\/\/mbtb.pl\/wp-content\/uploads\/2024\/12\/A01.4-scaled.jpg\"  class='mesmerize-gallery-1-image' alt=\"\" srcset=\"https:\/\/mbtb.pl\/wp-content\/uploads\/2024\/12\/A01.4-scaled.jpg 2560w, https:\/\/mbtb.pl\/wp-content\/uploads\/2024\/12\/A01.4-300x142.jpg 300w, https:\/\/mbtb.pl\/wp-content\/uploads\/2024\/12\/A01.4-1024x485.jpg 1024w, https:\/\/mbtb.pl\/wp-content\/uploads\/2024\/12\/A01.4-768x364.jpg 768w, https:\/\/mbtb.pl\/wp-content\/uploads\/2024\/12\/A01.4-1536x728.jpg 1536w, https:\/\/mbtb.pl\/wp-content\/uploads\/2024\/12\/A01.4-2048x971.jpg 2048w, https:\/\/mbtb.pl\/wp-content\/uploads\/2024\/12\/A01.4-1920x910.jpg 1920w\" sizes=\"auto, (max-width: 2560px) 100vw, 2560px\" \/><\/a>\n\t\t\t<\/dt><\/dl>\n\t\t<\/div>\n<script>(function($){window.MaterialisCaptionsGallery && window.MaterialisCaptionsGallery($('[data-unique-id=\"mesmerize-gallery-1-69e372f7d10fb\"]'))})(jQuery)<\/script><\/div><\/div><\/div> <\/div><\/div><div  data-label=\"Counters\" data-id=\"counters--2\" data-export-id=\"counters-2\" data-category=\"counters\" class=\"counters-2 content-section content-section-spacing\" id=\"counters-2\" style=\"background-color: rgb(255, 255, 255); background-image: none;\"><div  class=\"gridContainer\"> <div  class=\"row text-center\"><div  class=\"section-title-col\" data-type=\"column\">  <p  class=\"lead\" style=\"text-align: left;\"><span  style=\"font-weight: 400;\"><span  style=\"font-weight: 900;\"> <img decoding=\"async\"  draggable=\"false\" role=\"img\" class=\"emoji\" alt=\"\ud83d\udc49\" src=\"https:\/\/s.w.org\/images\/core\/emoji\/15.0.3\/svg\/1f449.svg\"> JAK RADZI\u0106 SOBIE Z WYKWITAMI I PRZEBARWIENIAMI?<\/span><\/span>\r\n<br ><br ><span  style=\"font-weight: 400;\">\r\nJe\u015bli wykwity lub przebarwienia ju\u017c si\u0119 pojawi\u0142y, mo\u017cna spr\u00f3bowa\u0107 je usun\u0105\u0107.<\/span><br ><span  style=\"font-weight: 400;\"><span  style=\"font-weight: 900;\">\r\nWykwity wapienne:<\/span> Delikatne naloty mo\u017cna usun\u0105\u0107 za pomoc\u0105 myjki ci\u015bnieniowej. W przypadku trudniejszych zabrudze\u0144 mo\u017cna zastosowa\u0107 specjalistyczne preparaty czyszcz\u0105ce na bazie \u0142agodnych kwas\u00f3w.<\/span><br ><span  style=\"font-weight: 400;\"><span  style=\"font-weight: 900;\">\r\nPrzebarwienia:<\/span> Najlepszym sposobem na r\u00f3\u017cnice w odcieniach jest dok\u0142adne mieszanie kostek podczas uk\u0142adania z kilku palet. W przypadku znacznych r\u00f3\u017cnic w odcieniu kostek o jednorodnym kolorze, mo\u017cna zastosowa\u0107 impregnaty koloryzuj\u0105ce, kt\u00f3re wyr\u00f3wnaj\u0105 kolor nawierzchni.\r\n<\/span><br ><span  style=\"font-weight: 400;\">\r\nPami\u0119taj, \u017ce w przypadku w\u0105tpliwo\u015bci warto skonsultowa\u0107 si\u0119 z ekspertem.<\/span><\/p><\/div> <\/div> <div  class=\"row\" data-type=\"row\">   <div  class=\"col-xs-12 col-sm-4 text-center space-bottom\">  <\/div> <\/div><\/div> <\/div><div  data-label=\"Content\" data-id=\"content--3\" data-export-id=\"content-7-mc\" data-category=\"content\" class=\"content-7-mc content-section content-section-spacing\" id=\"content-3\" style=\"background-color: rgb(255, 255, 255); background-image: none;\"><div  class=\"gridContainer\"> <div  class=\"row middle-sm\"><div  class=\"col-sm-6 space-bottom-xs\" data-type=\"column\">   <p  class=\"lead\"><span  style=\"font-weight: 400;\"> <span  style=\"font-weight: 900;\"><img decoding=\"async\"  draggable=\"false\" role=\"img\" class=\"emoji\" alt=\"\ud83d\udc49\" src=\"https:\/\/s.w.org\/images\/core\/emoji\/15.0.3\/svg\/1f449.svg\"> NAWIERZCHNIA BEZ KOMPROMIS\u00d3W\r\n<\/span><\/span>\r\n<br ><br ><span  style=\"font-weight: 400;\">\r\nZrozumienie przyczyn powstawania wykwit\u00f3w i<\/span><br ><span  style=\"font-weight: 400;\">\r\nprzebarwie\u0144 pozwala lepiej zaplanowa\u0107 inwestycj\u0119<\/span><br ><span  style=\"font-weight: 400;\">\r\nbrukarsk\u0105.<\/span><br ><br ><span  style=\"font-weight: 900;\">\r\nDba\u0142o\u015b\u0107 o ka\u017cdy etap \u2013 od produkcji kostki, przez<\/span><br ><span  style=\"font-weight: 900;\">\r\njej uk\u0142adanie, a\u017c po konserwacj\u0119 \u2013 to klucz do<\/span><br ><span  style=\"font-weight: 900;\">\r\nstworzenia nawierzchni, kt\u00f3ra przetrwa lata w<\/span><br ><span  style=\"font-weight: 900;\">\r\ndoskona\u0142ym stanie.<\/span><br ><br ><span  style=\"font-weight: 900;\">\r\nWYBIERAJ SPRAWDZONE ROZWI\u0104ZANIA<\/span><\/p><\/div> <div  class=\"col-sm-6\" data-type=\"column\"> <img  decoding=\"async\" class=\"shadow-large\" src=\"https:\/\/mbtb.pl\/wp-content\/uploads\/2024\/12\/cropped-cropped-13-scaled-1.jpg\" title=\"13\" alt=\"\"><\/div> <\/div><\/div> <\/div>","protected":false},"excerpt":{"rendered":"<p>Betonowa kostka brukowa to nie tylko praktyczne rozwi\u0105zanie, ale tak\u017ce wizyt\u00f3wka ka\u017cdego podw\u00f3rka, ogrodu czy miejskiego placu. Prawid\u0142owo u\u0142o\u017cona nawierzchnia przyci\u0105ga uwag\u0119, dodaje przestrzeni elegancji i harmonii. Jednak czasami na jej powierzchni pojawiaj\u0105 si\u0119 nieestetyczne wykwity lub przebarwienia. W tym artykule om\u00f3wimy przyczyny tego zjawiska i podpowiemy, jak temu zapobiec. NATURALNE PI\u0118KNO BETONU \u2013 SK\u0104D<a class=\"moretag\" href=\"https:\/\/mbtb.pl\/?page_id=1308\">          Czytaj ca\u0142y artyku\u0142&#8230;<\/a><\/p>\n","protected":false},"author":1,"featured_media":0,"parent":0,"menu_order":0,"comment_status":"closed","ping_status":"closed","template":"pro\/page-templates\/full-width-page.php","meta":{"footnotes":""},"class_list":["post-1308","page","type-page","status-publish","hentry"],"_links":{"self":[{"href":"https:\/\/mbtb.pl\/index.php?rest_route=\/wp\/v2\/pages\/1308","targetHints":{"allow":["GET"]}}],"collection":[{"href":"https:\/\/mbtb.pl\/index.php?rest_route=\/wp\/v2\/pages"}],"about":[{"href":"https:\/\/mbtb.pl\/index.php?rest_route=\/wp\/v2\/types\/page"}],"author":[{"embeddable":true,"href":"https:\/\/mbtb.pl\/index.php?rest_route=\/wp\/v2\/users\/1"}],"replies":[{"embeddable":true,"href":"https:\/\/mbtb.pl\/index.php?rest_route=%2Fwp%2Fv2%2Fcomments&post=1308"}],"version-history":[{"count":34,"href":"https:\/\/mbtb.pl\/index.php?rest_route=\/wp\/v2\/pages\/1308\/revisions"}],"predecessor-version":[{"id":1492,"href":"https:\/\/mbtb.pl\/index.php?rest_route=\/wp\/v2\/pages\/1308\/revisions\/1492"}],"wp:attachment":[{"href":"https:\/\/mbtb.pl\/index.php?rest_route=%2Fwp%2Fv2%2Fmedia&parent=1308"}],"curies":[{"name":"wp","href":"https:\/\/api.w.org\/{rel}","templated":true}]}}