{"id":1510,"date":"2026-01-11T12:42:23","date_gmt":"2026-01-11T11:42:23","guid":{"rendered":"https:\/\/mbtb.pl\/?page_id=1510"},"modified":"2026-02-09T10:07:27","modified_gmt":"2026-02-09T09:07:27","slug":"wypelnienie-spoin-to-fundament-nawierzchni-2-2","status":"publish","type":"page","link":"https:\/\/mbtb.pl\/?page_id=1510","title":{"rendered":"\ud83c\udfaf RDZAWE PLAMY NA KOSTCE BRUKOWEJ? DLACZEGO POWSTAJ\u0104 I JAK JE SKUTECZNIE USUN\u0104\u0106?"},"content":{"rendered":"<div  data-label=\"Content\" data-id=\"content--1\" data-export-id=\"content-8-mc\" data-category=\"content\" class=\"content-8-mc content-section content-section-spacing\" id=\"content-1\" style=\"background-color: rgb(255, 255, 255); background-image: none;\"><div  class=\"gridContainer\"> <div  class=\"row middle-sm\"><div  class=\"col-sm-6 space-bottom-xs space-top-xs\" data-type=\"column\"> <img  decoding=\"async\" class=\"shadow-large\" src=\"https:\/\/mbtb.pl\/wp-content\/uploads\/2026\/01\/cropped-cropped-Gemini_Generated_Image_ohwsxtohwsxtohws-scaled-1.png\" title=\"Gemini_Generated_Image_ohwsxtohwsxtohws\" alt=\"\"><\/div> <div  class=\"col-sm-6\" data-type=\"column\">  <h4  class=\"\" style=\"text-align: left;\"><span  style=\"font-family: Lato, arial, helvetica, sans-serif;\"><span  style=\"font-weight: 900;\"><b >Rdzawe przebarwienia<\/b><\/span> na nawierzchniach betonowych najcz\u0119\u015bciej nie s\u0105 wad\u0105 wyrob\u00f3w, lecz wynikiem dzia\u0142ania czynnik\u00f3w zewn\u0119trznych, takich jak nawozy do trawnik\u00f3w lub woda z uj\u0119\u0107 w\u0142asnych.\n<br ><br >Jako Technolog Betonu <b >MB-TB<\/b>, cz\u0119sto spotykam si\u0119 z tym problemem podczas ekspertyz.\n<\/span><span  id=\"_mce_caret\" data-mce-bogus=\"1\" data-mce-type=\"format-caret\"><span  style=\"font-family: Lato, arial, helvetica, sans-serif; font-weight: 400;\">Dobr\u0105 wiadomo\u015bci\u0105 jest to, \u017ce wi\u0119kszo\u015b\u0107 tych zabrudze\u0144 mo\u017cna skutecznie usun\u0105\u0107 bez trwa\u0142ego uszkodzenia struktury betonowej nawierzchni.\ufeff<\/span><\/span><span  id=\"_mce_caret\" data-mce-bogus=\"1\" data-mce-type=\"format-caret\">\ufeff<\/span><\/h4><\/div> <\/div><\/div> <\/div><div  data-label=\"About\" data-id=\"about--1\" data-export-id=\"about-4\" data-category=\"about\" class=\"about-4 content-section content-section-spacing content-relative\" id=\"about-1\" style=\"background-color: rgb(255, 255, 255); background-image: none;\" data-section-ov=\"1\"><div  class=\"gridContainer\"> <div  class=\"row middle-sm text-center\"><div  class=\"col-sm-5 space-bottom-xs\" data-type=\"column\"> <h5  class=\"\" style=\"text-align: left;\"><span  style=\"font-weight: 700;\"><b ><span  id=\"_mce_caret\" data-mce-bogus=\"1\" data-mce-type=\"format-caret\">\ufeff<\/span><span  style=\"font-family: Lato, arial, helvetica, sans-serif;\"><img  decoding=\"async\" draggable=\"false\" role=\"img\" class=\"emoji\" alt=\"\ud83d\udc49\" src=\"https:\/\/s.w.org\/images\/core\/emoji\/17.0.2\/svg\/1f449.svg\"> DLACZEGO TWOJA KOSTKA \u201eRDZEWIEJE\u201d?<\/span><\/b><\/span><\/h5><p  class=\"lead\" style=\"text-align: left;\"><span  style=\"font-weight: 400;\"><span  style=\"color: rgb(52, 58, 64);\">G\u0142\u00f3wnym powodem problem\u00f3w jest struktura kapilarna betonu \u2013 dzia\u0142a on jak g\u0105bka, kt\u00f3ra w obecno\u015bci wilgoci wchodzi w reakcj\u0119 z \u017celazem.<\/span><span  id=\"_mce_caret\" data-mce-bogus=\"1\" data-mce-type=\"format-caret\"><span  style=\"color: rgb(52, 58, 64);\">\ufeff<\/span><\/span><\/span><span id=\"_mce_caret\" data-mce-bogus=\"1\" data-mce-type=\"format-caret\" ><span style=\"font-weight: 400;\" >\ufeff<\/span><\/span><span id=\"_mce_caret\" data-mce-bogus=\"1\" data-mce-type=\"format-caret\" ><span style=\"font-weight: 400;\" >\ufeff<\/span><\/span><\/p>   <p  class=\"\" style=\"text-align: left;\"><span  style=\"color: rgb(52, 58, 64);\"><img  decoding=\"async\" draggable=\"false\" role=\"img\" class=\"emoji\" alt=\"\ud83d\udd39\" src=\"https:\/\/s.w.org\/images\/core\/emoji\/17.0.2\/svg\/1f539.svg\"><b >NAWOZY DO TRAWNIK\u00d3W:<\/b> Granulowane nawozy do trawnik\u00f3w cz\u0119sto zawieraj\u0105 siarczan \u017celaza. Je\u015bli granulat spadnie na beton i zawilgotnieje (np. od rosy), tworzy intensywne, punktowe pomara\u0144czowo-brunatne kropki.\n<\/span><br ><br ><span  style=\"color: rgb(52, 58, 64);\">\n<img  decoding=\"async\" draggable=\"false\" role=\"img\" class=\"emoji\" alt=\"\ud83d\udd39\" src=\"https:\/\/s.w.org\/images\/core\/emoji\/17.0.2\/svg\/1f539.svg\"> <b >WODA ZE STUDNI:<\/b> Regularne podlewanie ogrodu wod\u0105 o wysokiej zawarto\u015bci \u017celaza mo\u017ce prowadzi\u0107 do powstania rozleg\u0142ych, br\u0105zowych smug nie tylko na kostce, ale r\u00f3wnie\u017c na innych elementach architektury ogrodu i na elewacji.\n<\/span><br ><br ><span  style=\"color: rgb(52, 58, 64);\">\n<img  decoding=\"async\" draggable=\"false\" role=\"img\" class=\"emoji\" alt=\"\ud83d\udd39\" src=\"https:\/\/s.w.org\/images\/core\/emoji\/17.0.2\/svg\/1f539.svg\"><b > PRZYCZYNY WEWN\u0118TRZNE: <\/b>Bardzo rzadko (przypadki \u015bladowe) przyczyn\u0105 mo\u017ce by\u0107 piryt zawarty w kruszywie, kt\u00f3ry utlenia si\u0119 wewn\u0105trz pojedynczych element\u00f3w. Ten przypadek zosta\u0142 szczeg\u00f3\u0142owo opisany w innym artykule.<\/span><\/p><\/div> <div  class=\"col-sm-7 flexbox center-xs middle-xs image-group-2-img\"> <img  decoding=\"async\" class=\"img-1 shadow-large\" data-size=\"250x200\" src=\"https:\/\/mbtb.pl\/wp-content\/uploads\/2026\/01\/cropped-DSC09767.jpg\" title=\"cropped-DSC09767.jpg\" alt=\"\"> <img  decoding=\"async\" class=\"img-2 shadow-large\" data-size=\"220x170\" src=\"https:\/\/mbtb.pl\/wp-content\/uploads\/2026\/01\/cropped-cropped-IMAG1657-scaled-1.jpg\" title=\"IMAG1657\" alt=\"\"><\/div> <\/div><\/div> <\/div><div  data-label=\"Content\" data-id=\"content--3\" data-export-id=\"content-12\" data-category=\"content\" class=\"content-12 content-section content-section-spacing\" id=\"content-3\" style=\"background-color: rgb(255, 255, 255); background-image: none;\"><div  class=\"gridContainer\"> <div  class=\"row text-center\"><div  class=\"section-title-col\" data-type=\"column\">  <h4  class=\"\"><span  style=\"font-weight: 700; font-family: Lato, arial, helvetica, sans-serif;\"><img  decoding=\"async\" draggable=\"false\" role=\"img\" class=\"emoji\" alt=\"\ud83d\udccc\" src=\"https:\/\/s.w.org\/images\/core\/emoji\/17.0.2\/svg\/1f4cc.svg\"> METODY REAGOWANIA: ZASADA 3 KROK\u00d3W<\/span><\/h4><\/div> <\/div> <div  class=\"row center-xs middle-xs\"> <div  class=\"col-sm-9\" data-type=\"column\"><h4  class=\"\" style=\"text-align: left;\"><span  style=\"color: rgb(0, 0, 0); font-weight: 400; font-family: Lato, arial, helvetica, sans-serif;\">Je\u015bli zauwa\u017cysz rdzawy nalot, <b >MB-TB<\/b> rekomenduje systematyczne podej\u015bcie, kt\u00f3re<br >\npozwala niemal ca\u0142kowicie przywr\u00f3ci\u0107 pierwotny wygl\u0105d nawierzchni:<br >\n<\/span>&nbsp;<br ><span  style=\"font-family: Lato, arial, helvetica, sans-serif;\"><span  style=\"font-weight: 400;\"><img  decoding=\"async\" draggable=\"false\" role=\"img\" class=\"emoji\" alt=\"\u2705\" src=\"https:\/\/s.w.org\/images\/core\/emoji\/17.0.2\/svg\/2705.svg\"> <\/span><b >CZYSZCZENIE CHEMICZNE:<\/b><span  style=\"font-weight: 400;\"> Zastosuj specjalistyczne preparaty na bazie kwas\u00f3w o<\/span><\/span><br ><span  style=\"font-family: Lato, arial, helvetica, sans-serif; font-weight: 400;\">\nodpowiednim st\u0119\u017ceniu, dedykowane do usuwania rdzy z betonu. Pami\u0119taj o pr\u00f3bie<\/span><br ><span  style=\"font-family: Lato, arial, helvetica, sans-serif; font-weight: 400;\">\nkontrolnej na ma\u0142o widocznym fragmencie, aby upewni\u0107 si\u0119, \u017ce \u015brodek nie odbarwi<span  id=\"_mce_caret\" data-mce-bogus=\"1\" data-mce-type=\"format-caret\"><span  style=\"color: rgb(52, 58, 64);\">\ufeff<\/span><\/span><\/span><br ><span  style=\"font-family: Lato, arial, helvetica, sans-serif; font-weight: 400;\">\nTwojej kostki.\n<\/span><br ><span  style=\"font-family: Lato, arial, helvetica, sans-serif;\"><span  style=\"font-weight: 400;\">\n<img  decoding=\"async\" draggable=\"false\" role=\"img\" class=\"emoji\" alt=\"\u2705\" src=\"https:\/\/s.w.org\/images\/core\/emoji\/17.0.2\/svg\/2705.svg\"> <\/span><b >P\u0141UKANIE CI\u015aNIENIOWE: <\/b><span  style=\"font-weight: 400;\">Po rozpuszczeniu zwi\u0105zk\u00f3w \u017celaza przez chemi\u0119,<\/span><\/span><br ><span  style=\"font-family: Lato, arial, helvetica, sans-serif; font-weight: 400;\">\nnawierzchni\u0119 nale\u017cy obficie sp\u0142uka\u0107 czyst\u0105 wod\u0105 pod ci\u015bnieniem, aby zneutralizowa\u0107<\/span><br ><span  style=\"font-family: Lato, arial, helvetica, sans-serif; font-weight: 400;\">\ndzia\u0142anie kwas\u00f3w.\n<\/span><br ><span  style=\"font-family: Lato, arial, helvetica, sans-serif;\"><span  style=\"font-weight: 400;\">\n<img  decoding=\"async\" draggable=\"false\" role=\"img\" class=\"emoji\" alt=\"\u2705\" src=\"https:\/\/s.w.org\/images\/core\/emoji\/17.0.2\/svg\/2705.svg\"> <\/span><b >IMPREGNACJA HYDROFOBOWA:<\/b><span  style=\"font-weight: 400;\"> Aby unikn\u0105\u0107 problemu w przysz\u0142o\u015bci, warto<\/span><\/span><br ><span  style=\"font-family: Lato, arial, helvetica, sans-serif; font-weight: 400;\">\nzainwestowa\u0107 w wysokiej jako\u015bci impregnaty. Ograniczaj\u0105 one nasi\u0105kliwo\u015b\u0107 betonu,<\/span><br ><span  style=\"font-family: Lato, arial, helvetica, sans-serif; font-weight: 400;\">\ndzi\u0119ki czemu zabrudzenia nie wnikaj\u0105 w g\u0142\u0105b struktury, co u\u0142atwia ka\u017cde kolejne<\/span><br ><span  style=\"font-family: Lato, arial, helvetica, sans-serif; font-weight: 400;\">\nczyszczenie.<\/span><\/h4> <\/div> <\/div><\/div> <\/div><div  data-label=\"Content\" data-id=\"content--10\" data-export-id=\"content-8-mc\" data-category=\"content\" class=\"content-8-mc content-section content-section-spacing\" id=\"content-10\" style=\"background-color: rgb(255, 255, 255); background-image: none;\"><div  class=\"gridContainer\"> <div  class=\"row middle-sm\"><div  class=\"col-sm-6 space-bottom-xs space-top-xs\" data-type=\"column\"><img  decoding=\"async\" class=\"custom-image\" src=\"https:\/\/mbtb.pl\/wp-content\/uploads\/2026\/02\/cropped-Gemini_Generated_Image_vxyh17vxyh17vxyhq.png\" title=\"cropped-Gemini_Generated_Image_vxyh17vxyh17vxyhq.png\" alt=\"\"> <\/div> <div  class=\"col-sm-6\" data-type=\"column\"><img  decoding=\"async\" class=\"custom-image\" src=\"https:\/\/mbtb.pl\/wp-content\/uploads\/2026\/02\/cropped-Gemini_Generated_Image_vxyh17vxyh17vxyhqq.png\" title=\"cropped-Gemini_Generated_Image_vxyh17vxyh17vxyhqq.png\" alt=\"\">  <\/div> <\/div><\/div> <\/div><div  data-label=\"Content\" data-id=\"content--8\" data-export-id=\"content-7-mc\" data-category=\"content\" class=\"content-7-mc content-section content-section-spacing\" id=\"content-8\" style=\"background-color: rgb(255, 255, 255); background-image: none;\"><div  class=\"gridContainer\"> <div  class=\"row middle-sm\"><div  class=\"col-sm-6 space-bottom-xs\" data-type=\"column\"><h4  class=\"\"><img  decoding=\"async\" draggable=\"false\" role=\"img\" class=\"emoji\" alt=\"\ud83d\udc49\" src=\"https:\/\/s.w.org\/images\/core\/emoji\/17.0.2\/svg\/1f449.svg\"><span  style=\"font-family: Lato, arial, helvetica, sans-serif; font-weight: 900;\">&nbsp;PROFILAKTYKA: JAK UNIKN\u0104\u0106 KOSZTOWNYCH B\u0141\u0118D\u00d3W?<\/span><\/h4>   <h4  class=\"\" style=\"text-align: left;\">Najlepszym sposobem na unikni\u0119cie problemu jest \u015bwiadoma piel\u0119gnacja. Pami\u0119taj o <b >Zasadzie Bezzw\u0142ocznego Zamiatania,<\/b> jako standard ochrony nawierzchni: je\u015bli granulat nawozu spadnie na beton, nale\u017cy go natychmiast zmie\u015b\u0107 na sucho.\n<br ><b ><br >Nigdy nie sp\u0142ukuj nawozu wod\u0105,<\/b> poniewa\u017c to tylko przyspieszy reakcj\u0119 chemiczn\u0105 i mo\u017ce utrwali\u0107 plamy w strukturze betonu.\n<br ><br >\nWarto r\u00f3wnie\u017c ustawi\u0107 <b >dysze zraszaczy<\/b> tak, aby strumie\u0144 wody ze studni nie uderza\u0142 bezpo\u015brednio w nawierzchni\u0119 lub elewacj\u0119.<\/h4><\/div> <div  class=\"col-sm-6\" data-type=\"column\"> <img  decoding=\"async\" class=\"shadow-large\" src=\"https:\/\/mbtb.pl\/wp-content\/uploads\/2026\/02\/Gemini_Generated_Image_2nuc0f2nuc0f2nuc.png\" title=\"Gemini_Generated_Image_2nuc0f2nuc0f2nuc\" alt=\"\"><\/div> <\/div><\/div> <\/div><div  data-label=\"Content\" data-id=\"content--9\" data-export-id=\"content-8-mc\" data-category=\"content\" class=\"content-8-mc content-section content-section-spacing\" id=\"content-9\" style=\"background-color: rgb(255, 255, 255); background-image: none;\"><div  class=\"gridContainer\"> <div  class=\"row middle-sm\"><div  class=\"col-sm-6 space-bottom-xs space-top-xs\" data-type=\"column\"> <img  decoding=\"async\" class=\"shadow-large\" src=\"https:\/\/mbtb.pl\/wp-content\/uploads\/2026\/02\/STAN-0.2-scaled.jpg\" title=\"STAN-0.2\" alt=\"\"><\/div> <div  class=\"col-sm-6\" data-type=\"column\">  <h4  class=\"\"><span  style=\"font-family: Lato, arial, helvetica, sans-serif;\"><span  style=\"font-weight: 100;\"><b ><span  style=\"font-weight: 700;\">\ud83d\udd25Wa\u017cna informacja prawna:<\/span><\/b> <\/span>Pami\u0119taj, \u017ce zgodnie z przepisami prawa, producent&nbsp;<\/span><span  style=\"font-family: Lato, arial, helvetica, sans-serif;\">odpowiada za cechy wyrobu w momencie jego wydania. Zewn\u0119trzne zanieczyszczenia&nbsp;<\/span><span  style=\"font-family: Lato, arial, helvetica, sans-serif;\">chemiczne powsta\u0142e podczas u\u017cytkowania ogrodu nie stanowi\u0105 podstawy do roszcze\u0144<\/span><br ><span  style=\"font-family: Lato, arial, helvetica, sans-serif;\">\ngwarancyjnych.<\/span><\/h4><p  class=\"lead\"><span  style=\"color: rgb(52, 58, 64);\"><span  style=\"font-family: Lato, arial, helvetica, sans-serif; font-weight: 400;\">Potrzebujesz profesjonalnego nadzoru nad swoj\u0105 inwestycj\u0105 lub porady w doborze&nbsp;<\/span><span  style=\"font-family: Lato, arial, helvetica, sans-serif; font-weight: 400;\">\u015brodk\u00f3w do czyszczenia i piel\u0119gnacji?<b > Zapraszam do wsp\u00f3\u0142pracy.<\/b><\/span><\/span><\/p><p  class=\"lead\"><span  style=\"font-weight: 900; font-family: Lato, arial, helvetica, sans-serif; color: rgb(52, 58, 64);\">WYBIERAJ SPRAWDZONE ROZWI\u0104ZANIA<\/span><\/p><\/div> <\/div><\/div> <\/div>","protected":false},"excerpt":{"rendered":"<p>Rdzawe przebarwienia na nawierzchniach betonowych najcz\u0119\u015bciej nie s\u0105 wad\u0105 wyrob\u00f3w, lecz wynikiem dzia\u0142ania czynnik\u00f3w zewn\u0119trznych, takich jak nawozy do trawnik\u00f3w lub woda z uj\u0119\u0107 w\u0142asnych. Jako Technolog Betonu MB-TB, cz\u0119sto spotykam si\u0119 z tym problemem podczas ekspertyz. Dobr\u0105 wiadomo\u015bci\u0105 jest to, \u017ce wi\u0119kszo\u015b\u0107 tych zabrudze\u0144 mo\u017cna skutecznie usun\u0105\u0107 bez trwa\u0142ego uszkodzenia struktury betonowej nawierzchni.\ufeff\ufeff \ufeff<a class=\"moretag\" href=\"https:\/\/mbtb.pl\/?page_id=1510\">          Czytaj ca\u0142y artyku\u0142&#8230;<\/a><\/p>\n","protected":false},"author":2,"featured_media":0,"parent":0,"menu_order":0,"comment_status":"closed","ping_status":"closed","template":"pro\/page-templates\/full-width-page.php","meta":{"footnotes":""},"class_list":["post-1510","page","type-page","status-publish","hentry"],"_links":{"self":[{"href":"https:\/\/mbtb.pl\/index.php?rest_route=\/wp\/v2\/pages\/1510","targetHints":{"allow":["GET"]}}],"collection":[{"href":"https:\/\/mbtb.pl\/index.php?rest_route=\/wp\/v2\/pages"}],"about":[{"href":"https:\/\/mbtb.pl\/index.php?rest_route=\/wp\/v2\/types\/page"}],"author":[{"embeddable":true,"href":"https:\/\/mbtb.pl\/index.php?rest_route=\/wp\/v2\/users\/2"}],"replies":[{"embeddable":true,"href":"https:\/\/mbtb.pl\/index.php?rest_route=%2Fwp%2Fv2%2Fcomments&post=1510"}],"version-history":[{"count":20,"href":"https:\/\/mbtb.pl\/index.php?rest_route=\/wp\/v2\/pages\/1510\/revisions"}],"predecessor-version":[{"id":1620,"href":"https:\/\/mbtb.pl\/index.php?rest_route=\/wp\/v2\/pages\/1510\/revisions\/1620"}],"wp:attachment":[{"href":"https:\/\/mbtb.pl\/index.php?rest_route=%2Fwp%2Fv2%2Fmedia&parent=1510"}],"curies":[{"name":"wp","href":"https:\/\/api.w.org\/{rel}","templated":true}]}}