{"id":467,"date":"2018-07-04T07:02:23","date_gmt":"2018-07-04T07:02:23","guid":{"rendered":"http:\/\/pixelcool.go.ro\/extend\/mesme-1\/?page_id=467"},"modified":"2025-03-17T16:22:34","modified_gmt":"2025-03-17T15:22:34","slug":"kontakt","status":"publish","type":"page","link":"https:\/\/mbtb.pl\/?page_id=467","title":{"rendered":"Kontakt"},"content":{"rendered":"<div  data-label=\"Overlappable\" data-id=\"overlappable--1\" data-export-id=\"overlappable-4-mc\" data-category=\"overlappable\" class=\"overlappable-4-mc content-section content-section-spacing\" data-overlap=\"true\" id=\"overlappable-1\" style=\"background-color: rgb(255, 255, 255);\"><div  class=\"gridContainer\"> <div  data-type=\"row\" class=\"row spaced-cols text-center\"><div  class=\"col-xs-12 col-sm-4 col-padding col-md-6 \">  <div  data-type=\"column\" class=\"\"> <h2  class=\"\"><span  style=\"font-weight: 400;\">Mariusz Buczek<br >Technolog Betonu<\/span><span  id=\"_mce_caret\" data-mce-bogus=\"1\" data-mce-type=\"format-caret\"><span  style=\"font-weight: 300;\">\ufeff<\/span><\/span><\/h2> <h3  class=\"\">Doradztwo Techniczne przy Inwestycjach Brukarskich<br >\nOpole \/ Wroclaw<br >\nNIP: 754 254 91 34<\/h3><\/div> <\/div> <div  class=\"col-xs-12 col-sm-4 col-padding col-md-6 \">  <div  data-type=\"column\" class=\"\"> <h1  class=\"\"><\/h1><h2  class=\"\"><a href=\"tel:531382188\" target=\"_self\" data-mce-href=\"tel:531382188\"  data-cp-link=\"1\">+48 531 382 188<\/a><\/h2><h3  class=\"\"><a  data-mce-href=\"mailto:m.buczek@mbtb.pl\" href=\"mailto:m.buczek@mbtb.pl\" target=\"_self\" data-mce-selected=\"inline-boundary\" data-cp-link=\"1\">m.buczek@mbtb.pl<\/a><br >\n<a  data-mce-href=\"https:\/\/mbtb.pl\/\" href=\"https:\/\/mbtb.pl\" target=\"_self\" data-mce-selected=\"inline-boundary\" data-cp-link=\"1\">www.mbtb.pl<\/a><\/h3><\/div> <\/div> <\/div> <\/div><\/div><div  data-label=\"Contact\" data-id=\"contact--1\" data-export-id=\"contact-1-mc\" data-category=\"contact\" class=\"contact-1-mc content-section content-section-spacing section-title-col-dark-text\" data-parallax-depth=\"20\" id=\"contact-6\" style=\"background-size: cover; background-position: center top; background-image: none; background-color: rgba(129, 157, 40, 0.57);\" data-section-ov=\"1\"><div  class=\"gridContainer\">  <div  class=\"row text-center\"> <div  class=\"col-xs-12 col-sm-8 col-sm-offset-2 contact-form-wrapper\"> <div  class=\"card large-padding\"> <div  class=\"\" data-content-shortcode=\"mesmerize_contact_form shortcode=&quot;forminator_form id=&amp;amp;quot;1070&amp;amp;quot;&quot;\" data-editable=\"true\"><div class=\"forminator-ui forminator-custom-form forminator-custom-form-1070 forminator-design--default  forminator_ajax\" data-forminator-render=\"0\" data-form=\"forminator-module-1070\" data-uid=\"69e372b5b4535\"><br\/><\/div><form\n\t\t\t\tid=\"forminator-module-1070\"\n\t\t\t\tclass=\"forminator-ui forminator-custom-form forminator-custom-form-1070 forminator-design--default  forminator_ajax\"\n\t\t\t\tmethod=\"post\"\n\t\t\t\tdata-forminator-render=\"0\"\n\t\t\t\tdata-form-id=\"1070\"\n\t\t\t\tenctype=\"multipart\/form-data\" data-color-option=\"theme\" data-design=\"default\" data-grid=\"open\" style=\"display: none;\"\n\t\t\t\tdata-uid=\"69e372b5b4535\"\n\t\t\t><div role=\"alert\" aria-live=\"polite\" class=\"forminator-response-message forminator-error\" aria-hidden=\"true\"><\/div><div class=\"forminator-row\"><div id=\"name-1\" class=\"forminator-field-name forminator-col forminator-col-12 \"><div class=\"forminator-field\"><label for=\"forminator-field-name-1_69e372b5b4535\" id=\"forminator-field-name-1_69e372b5b4535-label\" class=\"forminator-label\">Imi\u0119 i Nazwisko <span class=\"forminator-required\">*<\/span><\/label><input type=\"text\" name=\"name-1\" value=\"\" placeholder=\"\" id=\"forminator-field-name-1_69e372b5b4535\" class=\"forminator-input forminator-name--field\" aria-required=\"true\" autocomplete=\"name\" \/><\/div><\/div><\/div><div class=\"forminator-row\"><div id=\"email-1\" class=\"forminator-field-email forminator-col forminator-col-12 \"><div class=\"forminator-field\"><label for=\"forminator-field-email-1_69e372b5b4535\" id=\"forminator-field-email-1_69e372b5b4535-label\" class=\"forminator-label\">Adres e-mail <span class=\"forminator-required\">*<\/span><\/label><input type=\"email\" name=\"email-1\" value=\"\" placeholder=\"\" id=\"forminator-field-email-1_69e372b5b4535\" class=\"forminator-input forminator-email--field\" data-required=\"true\" aria-required=\"true\" autocomplete=\"email\" \/><\/div><\/div><\/div><div class=\"forminator-row\"><div id=\"phone-1\" class=\"forminator-field-phone forminator-col forminator-col-12 \"><div class=\"forminator-field\"><label for=\"forminator-field-phone-1_69e372b5b4535\" id=\"forminator-field-phone-1_69e372b5b4535-label\" class=\"forminator-label\">Numer telefonu<\/label><input type=\"text\" name=\"phone-1\" value=\"\" placeholder=\"\" id=\"forminator-field-phone-1_69e372b5b4535\" class=\"forminator-input forminator-field--phone\" data-required=\"\" aria-required=\"false\" autocomplete=\"off\" \/><\/div><\/div><\/div><div class=\"forminator-row\"><div id=\"text-1\" class=\"forminator-field-text forminator-col forminator-col-12 \"><div class=\"forminator-field\"><label for=\"forminator-field-text-1_69e372b5b4535\" id=\"forminator-field-text-1_69e372b5b4535-label\" class=\"forminator-label\">Temat<\/label><input type=\"text\" name=\"text-1\" value=\"\" placeholder=\"\" id=\"forminator-field-text-1_69e372b5b4535\" class=\"forminator-input forminator-name--field\" data-required=\"\" \/><\/div><\/div><\/div><div class=\"forminator-row\"><div id=\"textarea-1\" class=\"forminator-field-textarea forminator-col forminator-col-12 \"><div class=\"forminator-field\"><label for=\"forminator-field-textarea-1_69e372b5b4535\" id=\"forminator-field-textarea-1_69e372b5b4535-label\" class=\"forminator-label\">Wiadomo\u015b\u0107<\/label><span id=\"forminator-field-textarea-1_69e372b5b4535-description\" class=\"forminator-description\"><span data-limit=\"180\" data-type=\"characters\" data-editor=\"\">0 \/ 180<\/span><\/span><textarea name=\"textarea-1\" placeholder=\"Wpisz swoj\u0105 wiadomo\u015b\u0107...\" id=\"forminator-field-textarea-1_69e372b5b4535\" class=\"forminator-textarea\" rows=\"6\" style=\"min-height:140px;\" maxlength=\"180\" ><\/textarea><\/div><\/div><\/div><div class=\"forminator-row\"><div id=\"upload-1\" class=\"forminator-field-upload forminator-col forminator-col-12 \"><div class=\"forminator-field\"><label for=\"forminator-field-upload-1_69e372b5b4535\" id=\"forminator-field-upload-1_69e372b5b4535-label\" class=\"forminator-label\">Prze\u015blij plik<\/label><div class=\"forminator-file-upload \" data-element=\"upload-1_69e372b5b4535\"><input type=\"file\" name=\"upload-1\" id=\"forminator-field-upload-1_69e372b5b4535\" class=\"forminator-input-file\" accept=\".jpg,.jpeg,.jpe,.gif,.png,.bmp,.tiff,.tif,.webp,.avif,.ico,.heic,.heif,.heics,.heifs,.asf,.asx,.wmv,.wmx,.wm,.avi,.divx,.flv,.mov,.qt,.mpeg,.mpg,.mpe,.mp4,.m4v,.ogv,.webm,.mkv,.3gp,.3gpp,.3g2,.3gp2,.txt,.asc,.c,.cc,.h,.srt,.csv,.tsv,.ics,.rtx,.vtt,.mp3,.m4a,.m4b,.aac,.ra,.ram,.wav,.ogg,.oga,.flac,.mid,.midi,.wma,.wax,.mka,.rtf,.pdf,.class,.tar,.zip,.gz,.gzip,.7z,.psd,.xcf,.doc,.pot,.pps,.ppt,.wri,.xla,.xls,.xlt,.xlw,.mdb,.mpp,.docx,.docm,.dotx,.dotm,.xlsx,.xlsm,.xlsb,.xltx,.xltm,.xlam,.pptx,.pptm,.ppsx,.ppsm,.potx,.potm,.ppam,.sldx,.sldm,.onetoc,.onetoc2,.onetmp,.onepkg,.oxps,.xps,.odt,.odp,.ods,.odg,.odc,.odb,.odf,.wp,.wpd,.key,.numbers,.pages\" tabindex=\"-1\"><button id=\"forminator-field-upload-1_69e372b5b4535_button\" class=\"forminator-button forminator-button-upload\" data-id=\"forminator-field-upload-1_69e372b5b4535\">Wybierz plik<\/button><span data-empty-text=\"Nie wybrano \u017cadnego pliku\">Nie wybrano \u017cadnego pliku<\/span><button class=\"forminator-button-delete\" style=\"display: none;\"><i class=\"forminator-icon-close\" aria-hidden=\"true\"><\/i><span class=\"forminator-screen-reader-only\">Usu\u0144 przes\u0142any plik<\/span><\/button><\/div><\/div><\/div><\/div><input type=\"hidden\" name=\"referer_url\" value=\"\" \/><div class=\"forminator-row forminator-row-last\"><div class=\"forminator-col\"><div class=\"forminator-field\"><button class=\"forminator-button forminator-button-submit\">Wy\u015blij wiadomo\u015b\u0107<\/button><\/div><\/div><\/div><input type=\"hidden\" id=\"forminator_nonce\" name=\"forminator_nonce\" value=\"1313ead833\" \/><input type=\"hidden\" name=\"_wp_http_referer\" value=\"\/index.php?rest_route=%2Fwp%2Fv2%2Fpages%2F467\" \/><input type=\"hidden\" name=\"form_id\" value=\"1070\"><input type=\"hidden\" name=\"page_id\" value=\"467\"><input type=\"hidden\" name=\"form_type\" value=\"default\"><input type=\"hidden\" name=\"current_url\" value=\"https:\/\/mbtb.pl\/?page_id=467\"><input type=\"hidden\" name=\"render_id\" value=\"0\"><input type=\"hidden\" name=\"action\" value=\"forminator_submit_form_custom-forms\"><label for=\"input_7\" class=\"forminator-hidden\" aria-hidden=\"true\">Prosz\u0119 nie wype\u0142nia\u0107 tego pola. <input id=\"input_7\" type=\"text\" name=\"input_7\" value=\"\" autocomplete=\"off\"><\/label><\/form><\/div><\/div> <\/div><\/div> <\/div><\/div>","protected":false},"excerpt":{"rendered":"<p>Mariusz BuczekTechnolog Betonu\ufeff Doradztwo Techniczne przy Inwestycjach Brukarskich Opole \/ Wroclaw NIP: 754 254 91 34 +48 531 382 188m.buczek@mbtb.pl www.mbtb.pl<\/p>\n","protected":false},"author":1,"featured_media":0,"parent":0,"menu_order":0,"comment_status":"closed","ping_status":"closed","template":"pro\/page-templates\/full-width-page.php","meta":{"footnotes":""},"class_list":["post-467","page","type-page","status-publish","hentry"],"_links":{"self":[{"href":"https:\/\/mbtb.pl\/index.php?rest_route=\/wp\/v2\/pages\/467","targetHints":{"allow":["GET"]}}],"collection":[{"href":"https:\/\/mbtb.pl\/index.php?rest_route=\/wp\/v2\/pages"}],"about":[{"href":"https:\/\/mbtb.pl\/index.php?rest_route=\/wp\/v2\/types\/page"}],"author":[{"embeddable":true,"href":"https:\/\/mbtb.pl\/index.php?rest_route=\/wp\/v2\/users\/1"}],"replies":[{"embeddable":true,"href":"https:\/\/mbtb.pl\/index.php?rest_route=%2Fwp%2Fv2%2Fcomments&post=467"}],"version-history":[{"count":24,"href":"https:\/\/mbtb.pl\/index.php?rest_route=\/wp\/v2\/pages\/467\/revisions"}],"predecessor-version":[{"id":1297,"href":"https:\/\/mbtb.pl\/index.php?rest_route=\/wp\/v2\/pages\/467\/revisions\/1297"}],"wp:attachment":[{"href":"https:\/\/mbtb.pl\/index.php?rest_route=%2Fwp%2Fv2%2Fmedia&parent=467"}],"curies":[{"name":"wp","href":"https:\/\/api.w.org\/{rel}","templated":true}]}}