{"id":606,"date":"2018-07-03T18:52:13","date_gmt":"2018-07-03T18:52:13","guid":{"rendered":"http:\/\/pixelcool.go.ro\/extend\/mesme-1\/mesmerize-pro\/"},"modified":"2026-03-01T21:03:08","modified_gmt":"2026-03-01T20:03:08","slug":"mesmerize-pro","status":"publish","type":"page","link":"https:\/\/mbtb.pl\/","title":{"rendered":"Front Page"},"content":{"rendered":"<div  data-label=\"About\" data-id=\"about-images-right-section\" data-export-id=\"about-images-right-section\" data-category=\"about\" class=\"about-images-right-section content-section content-section-spacing content-relative\" id=\"about-12\" style=\"background-color: rgb(255, 255, 255); background-image: none;\">\n<div  class=\"section-separator-top\"><svg  xmlns=\"http:\/\/www.w3.org\/2000\/svg\" viewBox=\"0 0 1000 100\" preserveAspectRatio=\"none\" data-separator-name=\"triangle-asymmetrical\" class=\"section-separator-top\"><\/svg>\n<path  class=\"svg-white-bg\" d=\"M738,99l262-93V0H0v5.6L738,99z\"><\/path><\/div>\n<div  class=\"gridContainer\">\n<div  class=\"row middle-sm text-center\">\n<div  class=\"col-sm-5 content-left-sm\" data-type=\"column\">\n\n<h2  class=\"\"><span  style=\"font-family: Lato, arial, helvetica, sans-serif;\">O mnie<\/span><span  id=\"_mce_caret\" data-mce-bogus=\"1\" data-mce-type=\"format-caret\"><span  style=\"font-family: Lato, arial, helvetica, sans-serif;\">\ufeff<\/span><\/span><\/h2>\n\n\n\n<p  class=\"lead\"><span  id=\"_mce_caret\" data-mce-bogus=\"1\" data-mce-type=\"format-caret\"><span  style=\"font-weight: 400;\"><br >Nazywam si\u0119 Mariusz Buczek i jestem<\/span><span ><b > technologiem betonu<\/b><\/span><span > z ponad 20-letnim do\u015bwiadczeniem.<br ><span  style=\"font-weight: 700;\"><b >\nSpecjalizuj\u0119 si\u0119 w nawierzchniach betonowych, realizacjach brukarskich<\/b><\/span><\/span><span  style=\"font-weight: 400;\"> i od lat z pasj\u0105 <span  style=\"color: rgb(0, 0, 0);\">pomagam<\/span> w ich tworzeniu i utrzymywaniu, wsp\u00f3\u0142pracuj\u0105c zar\u00f3wno z producentami, jak i z inwestorami indywidualnymi oraz <\/span><span ><b >architektami krajobrazu<\/b><\/span><span >.<br ><b >\nMoje do\u015bwiadczenie <\/b><\/span><span  style=\"font-weight: 400;\">obejmuje zar\u00f3wno <\/span><span ><b >produkcj\u0119 prefabrykat\u00f3w betonowych<\/b><\/span><span  style=\"font-weight: 400;\">, jak i <\/span><span ><b >doradztwo<\/b><\/span><span > techniczne, dzi\u0119ki czemu doskonale rozumiem potrzeby i oczekiwania inwestor\u00f3w.<br ><b >\nWspieram<\/b><\/span><span  style=\"font-weight: 400;\"> w doborze odpowiednich rozwi\u0105za\u0144, uwzgl\u0119dniaj\u0105c zar\u00f3wno walory estetyczne, jak i funkcjonalne projektowanych nawierzchni, tak istotne w <\/span><span ><b >architekturze krajobrazu.<\/b>\ufeff<\/span><\/span><span  id=\"_mce_caret\" data-mce-bogus=\"1\" data-mce-type=\"format-caret\"><span  style=\"color: rgb(0, 0, 0);\">\ufeff<\/span><\/span><span  id=\"_mce_caret\" data-mce-bogus=\"1\" data-mce-type=\"format-caret\"><span  style=\"color: rgb(0, 0, 0);\">\ufeff<\/span><\/span><\/p><\/div>\n<div  class=\"col-sm-7\">\n<div  class=\"image-group-side-3-img\">\n\n<img  decoding=\"async\" class=\"topimg shadow-large\" src=\"https:\/\/mbtb.pl\/wp-content\/uploads\/2024\/12\/cropped-cropped-cropped-4-scaled-1-1.jpg\" title=\"4\" alt=\"\"> <img  decoding=\"async\" class=\"rightimg shadow-large\" src=\"https:\/\/mbtb.pl\/wp-content\/uploads\/2025\/03\/cropped-IMAG2960.1-scaled-1.jpg\" title=\"IMAG2960.1\" alt=\"\">\n<div  class=\"leftimg\"><img  decoding=\"async\" class=\"shadow-large\" src=\"https:\/\/mbtb.pl\/wp-content\/uploads\/2025\/02\/cropped-3-scaled-1.jpg\" title=\"3\" alt=\"\"><\/div>\n<\/div>\n<\/div>\n<\/div>\n<\/div>\n<\/div><div  data-label=\"About\" data-id=\"about--1\" data-export-id=\"about-4\" data-category=\"about\" class=\"about-4 content-section content-section-spacing\" id=\"about-13\" style=\"background-color: rgb(255, 255, 255);\"><div  class=\"gridContainer\"> <div  class=\"row middle-sm text-center\"><div  class=\"col-sm-5 space-bottom-xs\" data-type=\"column\">  <h2  class=\"\" style=\"text-align: left;\"><span  style=\"font-family: Lato, arial, helvetica, sans-serif; font-weight: 400;\">Inwestycja w <span  id=\"_mce_caret\" data-mce-bogus=\"1\" data-mce-type=\"format-caret\">\ufeff<\/span>profesjonalny nadz\u00f3r techniczny&nbsp;zapewni:\n<\/span><\/h2>  <p  class=\"lead\" style=\"text-align: left;\"><span  style=\"font-weight: 400;\"><span  style=\"font-weight: 700;\">Spok\u00f3j ducha<\/span> \u2013 pewno\u015b\u0107, \u017ce wszystkie prace zostan\u0105 wykonane zgodnie ze sztuk\u0105 budowlan\u0105 i Twoimi oczekiwaniami.<\/span><br ><span  style=\"font-weight: 400;\"><span  style=\"font-weight: 700;\">\nOszcz\u0119dno\u015b\u0107 czasu i pieni\u0119dzy<\/span> \u2013 unikasz kosztownych poprawek i reklamacji.<\/span><br ><span  style=\"font-weight: 400;\"><span  style=\"font-weight: 700;\">\nTrwa\u0142o\u015b\u0107 i estetyk\u0119<\/span> \u2013 dzi\u0119ki zastosowaniu odpowiednich materia\u0142\u00f3w i technologii Twoja nawierzchnia b\u0119dzie nie tylko pi\u0119kna, ale i trwa\u0142a.<\/span><br ><span  style=\"font-weight: 400;\"><span  style=\"font-weight: 700;\">\nIndywidualne podej\u015bcie<\/span> \u2013 ka\u017cda inwestycja jest inna, dlatego oferuj\u0119 Ci doradztwo dopasowane do Twoich potrzeb.<\/span><\/p><\/div> <div  class=\"col-sm-7 flexbox center-xs middle-xs image-group-2-img\"> <img  decoding=\"async\" class=\"img-1 shadow-large\" data-size=\"250x200\" src=\"https:\/\/mbtb.pl\/wp-content\/uploads\/2025\/02\/cropped-5-scaled-1.jpg\" title=\"5\" alt=\"\"> <img  decoding=\"async\" class=\"img-2 shadow-large\" data-size=\"220x170\" src=\"https:\/\/mbtb.pl\/wp-content\/uploads\/2025\/02\/cropped-6-scaled-2.jpg\" title=\"6\" alt=\"\"><\/div> <\/div><\/div> <\/div><div  data-label=\"Overlappable\" data-id=\"overlappable--3\" data-export-id=\"overlappable-4-mc\" data-category=\"overlappable\" data-overlap=\"true\" id=\"overlappable-3\"><div > <div  data-type=\"row\"> <div >  <div  data-type=\"column\" class=\"\"> <h1  class=\"\" style=\"text-align: center;\"><span  style=\"font-weight: 400;\">Oferuj\u0119 pomoc przy inwestycjach brukarskich<\/span><\/h1><\/div> <\/div> <\/div> <\/div><\/div><div  data-label=\"Overlappable\" data-id=\"overlappable--2\" data-export-id=\"overlappable-4-mc\" data-category=\"overlappable\" class=\"overlappable-4-mc content-section content-section-spacing\" data-overlap=\"true\" id=\"overlappable-2\" style=\"background-color: rgb(255, 255, 255);\"><div  class=\"gridContainer\"> <div  data-type=\"row\" class=\"row spaced-cols text-center\"><div  class=\"col-xs-12 col-sm-4 col-padding\">  <div  data-type=\"column\" class=\"\"> <img  decoding=\"async\" class=\"custom-image\" src=\"https:\/\/mbtb.pl\/wp-content\/uploads\/2025\/01\/cropped-cropped-cropped-cropped-cropped-Projekt-bez-nazwy-1-e1741265245650.png\" title=\"cropped-cropped-Projekt-bez-nazwy-1.png\" alt=\"\"><h3  class=\"\"><span  style=\"font-weight: 700;\">Dob\u00f3r i kontrola materia\u0142\u00f3w:<\/span><\/h3> <p  class=\"lead\"><span  style=\"font-weight: 400;\"><br >Pomog\u0119 Ci wybra\u0107 odpowiednie materia\u0142y i surowce do budowy nawierzchni, tarasu, podjazdu, \u015bcie\u017cek ogrodowych, a tak \u017ce ma\u0142ej architektury betonowej. Przeanalizujemy to razem i pomog\u0119 Ci wybra\u0107 to co najlepsze.\n<\/span><span  style=\"color: rgba(249, 249, 249, 0);\">\u2026\u2026\u2026\u2026\u2026\u2026\u2026\u2026<\/span><\/p><a  class=\"button color1\" href=\"https:\/\/mbtb.pl?page_id=841\" target=\"_self\" data-cp-link=\"1\" data-icon=\"\">Czytaj wi\u0119cej<\/a><\/div> <\/div> <div  class=\"col-xs-12 col-sm-4 col-padding\">  <div  data-type=\"column\" class=\"\"><img  decoding=\"async\" class=\"custom-image\" src=\"https:\/\/mbtb.pl\/wp-content\/uploads\/2025\/01\/cropped-cropped-cropped-cropped-Projekt-bez-nazwy-e1741265273421.png\" title=\"cropped-Projekt-bez-nazwy.png\" alt=\"\"><h3  class=\"\"><span  style=\"font-weight: 700;\">Nadz\u00f3r i kontrola realizacji inwestycji:<\/span><\/h3> <p  class=\"lead\"><span  style=\"font-weight: 400;\">Zapewni\u0119 fachowy nadz\u00f3r nad ka\u017cdym etapem realizacji inwestycji, od przygotowania&nbsp;<\/span><span  style=\"font-weight: 400;\">podbudowy po fugowanie, gwarantuj\u0105c zgodno\u015b\u0107 z projektem i normami technicznymi. Pomog\u0119&nbsp;<\/span><span  style=\"font-weight: 400;\">Ci w tym i przeprowadz\u0119 nadz\u00f3r nad procesem realizacji.\n<\/span><\/p><a  class=\"button color1\" href=\"https:\/\/mbtb.pl?page_id=845\" target=\"_self\" data-cp-link=\"1\" data-icon=\"\">Czytaj wi\u0119cej<\/a><\/div> <\/div> <div  class=\"col-xs-12 col-sm-4 col-padding\">  <div  data-type=\"column\" class=\"\"> <img  decoding=\"async\" class=\"custom-image\" src=\"https:\/\/mbtb.pl\/wp-content\/uploads\/2025\/01\/cropped-cropped-cropped-Projekt-bez-nazwy-2-e1741265286930.png\" title=\"cropped-Projekt-bez-nazwy-2.png\" alt=\"\"><h3  class=\"\"><span  style=\"font-weight: 700;\">Plan u\u017cytkowania i konserwacji:<\/span><span  id=\"_mce_caret\" data-mce-bogus=\"1\" data-mce-type=\"format-caret\"><span  style=\"font-weight: 700;\">\ufeff<\/span><\/span><\/h3><p  class=\"lead\"><span  style=\"font-weight: 400;\">\n<br >Doradz\u0119 Ci, jak dba\u0107 o nawierzchni\u0119, aby zachowa\u0142a sw\u00f3j pi\u0119kny wygl\u0105d przez d\u0142ugie lata.<\/span><br ><span  style=\"font-weight: 400;\">\nOpracuj\u0119 plan czyszczenia i konserwacji, dostosowany do rodzaju materia\u0142u i specyfiki terenu.<br ><span  style=\"color: rgba(249, 249, 249, 0);\">\u2026\u2026\u2026\u2026\u2026\u2026\u2026\u2026\u2026\u2026..<\/span><\/span><\/p><a  class=\"button color1\" href=\"https:\/\/mbtb.pl?page_id=846\" target=\"_self\" data-cp-link=\"1\" data-icon=\"\">Czytaj wi\u0119cej<\/a><\/div> <\/div><\/div> <\/div><\/div><div  data-label=\"Portfolio\" data-id=\"portfolio--4\" data-export-id=\"portfolio-1\" data-category=\"portfolio\" class=\"portfolio-1 content-section content-section-spacing\" id=\"portfolio-4\" style=\"background-color: rgb(245, 250, 253);\"><div  class=\"gridContainer\"> <div  class=\"row text-center\"><div  class=\"section-title-col\" data-type=\"column\"> <h2  class=\"\">Poradnik Eksperta<\/h2> <\/div> <\/div> <div  data-type=\"row\" class=\"row spaced-cols\" data-fixed=\"true\"> <div  class=\"col-xs-12 col-sm-4 col-md-4\"> <div  class=\"contentswap-effect visible\" data-hover-fx=\"portfolio-1\"> <div  class=\"initial-image\"> <img  decoding=\"async\" data-size=\"500x333\" src=\"https:\/\/mbtb.pl\/wp-content\/uploads\/2024\/12\/cropped-cropped-1-1-2.png\"><\/div> <div  class=\"overlay\"><\/div> <div  class=\"swap-inner col-xs-12\"> <div  class=\"row full-height-row bottom-xs\"> <div  class=\"col-xs-12 color1 text-center content-holder\"> <h4  class=\"inverted font-500\"><\/h4> <a  href=\"https:\/\/mbtb.pl?page_id=1308\" class=\"inverted italic p small\" target=\"_self\" data-cp-link=\"1\">CZYTAJ WI\u0118CEJ<\/a><\/div> <\/div><\/div> <\/div><\/div> <div  class=\"col-xs-12 col-sm-4 col-md-4\"><div  class=\"contentswap-effect visible\" data-hover-fx=\"portfolio-1\"> <div  class=\"initial-image\"> <img  decoding=\"async\" data-size=\"500x333\" src=\"https:\/\/mbtb.pl\/wp-content\/uploads\/2026\/01\/cropped-1-4.png\"><\/div> <div  class=\"overlay\"><\/div> <div  class=\"swap-inner col-xs-12\"> <div  class=\"row full-height-row bottom-xs\"> <div  class=\"col-xs-12 color1 text-center content-holder\"> <h4  class=\"inverted font-500\"><\/h4> <a  href=\"https:\/\/mbtb.pl?page_id=1422\" class=\"inverted italic p small\" target=\"_self\" data-cp-link=\"1\">CZYTAJ WI\u0118CEJ<\/a><\/div> <\/div><\/div> <\/div><\/div> <div  class=\"col-xs-12 col-sm-4 col-md-4\"><div  class=\"contentswap-effect visible\" data-hover-fx=\"portfolio-1\"> <div  class=\"initial-image\"> <img  decoding=\"async\" data-size=\"500x333\" src=\"https:\/\/mbtb.pl\/wp-content\/uploads\/2026\/02\/1.png\"><\/div> <div  class=\"overlay\"><\/div> <div  class=\"swap-inner col-xs-12\"> <div  class=\"row full-height-row bottom-xs\"> <div  class=\"col-xs-12 color1 text-center content-holder\"> <h4  class=\"inverted font-500\"><\/h4> <a  href=\"https:\/\/mbtb.pl?page_id=1510\" class=\"inverted italic p small\" target=\"_self\" data-cp-link=\"1\">CZYTAJ WI\u0118CEJ<\/a><\/div> <\/div><\/div> <\/div><\/div>    <div  class=\"col-xs-12 col-sm-4 col-md-4\"> <div  class=\"contentswap-effect visible\" data-hover-fx=\"portfolio-1\"> <div  class=\"initial-image\"> <img  decoding=\"async\" data-size=\"500x333\" src=\"https:\/\/mbtb.pl\/wp-content\/uploads\/2026\/03\/1.png\"><\/div> <div  class=\"overlay\"><\/div> <div  class=\"swap-inner col-xs-12\"> <div  class=\"row full-height-row bottom-xs\"> <div  class=\"col-xs-12 color1 text-center content-holder\"> <h4  class=\"inverted font-500\"><\/h4> <a  href=\"https:\/\/mbtb.pl?page_id=1633\" class=\"inverted italic p small\" target=\"_self\" data-cp-link=\"1\">CZYTAJ WI\u0118CEJ<\/a><\/div> <\/div><\/div> <\/div><\/div><div  class=\"col-xs-12 col-sm-4 col-md-4\"> <div  class=\"contentswap-effect visible\" data-hover-fx=\"portfolio-1\"> <div  class=\"initial-image\"> <img  decoding=\"async\" data-size=\"500x333\" src=\"https:\/\/mbtb.pl\/wp-content\/uploads\/2026\/03\/1-1.png\"><\/div> <div  class=\"overlay\"><\/div> <div  class=\"swap-inner col-xs-12\"> <div  class=\"row full-height-row bottom-xs\"> <div  class=\"col-xs-12 color1 text-center content-holder\"> <h4  class=\"inverted font-500\"><\/h4> <a  href=\"https:\/\/mbtb.pl?page_id=1686\" class=\"inverted italic p small\" target=\"_self\" data-cp-link=\"1\">CZYTAJ WI\u0118CEJ<\/a><\/div> <\/div><\/div> <\/div><\/div><\/div><\/div> <\/div>","protected":false},"excerpt":{"rendered":"<p>O mnie\ufeff Nazywam si\u0119 Mariusz Buczek i jestem technologiem betonu z ponad 20-letnim do\u015bwiadczeniem. Specjalizuj\u0119 si\u0119 w nawierzchniach betonowych, realizacjach brukarskich i od lat z pasj\u0105 pomagam w ich tworzeniu i utrzymywaniu, wsp\u00f3\u0142pracuj\u0105c zar\u00f3wno z producentami, jak i z inwestorami indywidualnymi oraz architektami krajobrazu. Moje do\u015bwiadczenie obejmuje zar\u00f3wno produkcj\u0119 prefabrykat\u00f3w betonowych, jak i doradztwo techniczne,<a class=\"moretag\" href=\"https:\/\/mbtb.pl\/\">          Czytaj ca\u0142y artyku\u0142&#8230;<\/a><\/p>\n","protected":false},"author":1,"featured_media":0,"parent":0,"menu_order":0,"comment_status":"closed","ping_status":"closed","template":"page-templates\/homepage.php","meta":{"footnotes":""},"class_list":["post-606","page","type-page","status-publish","hentry"],"_links":{"self":[{"href":"https:\/\/mbtb.pl\/index.php?rest_route=\/wp\/v2\/pages\/606","targetHints":{"allow":["GET"]}}],"collection":[{"href":"https:\/\/mbtb.pl\/index.php?rest_route=\/wp\/v2\/pages"}],"about":[{"href":"https:\/\/mbtb.pl\/index.php?rest_route=\/wp\/v2\/types\/page"}],"author":[{"embeddable":true,"href":"https:\/\/mbtb.pl\/index.php?rest_route=\/wp\/v2\/users\/1"}],"replies":[{"embeddable":true,"href":"https:\/\/mbtb.pl\/index.php?rest_route=%2Fwp%2Fv2%2Fcomments&post=606"}],"version-history":[{"count":78,"href":"https:\/\/mbtb.pl\/index.php?rest_route=\/wp\/v2\/pages\/606\/revisions"}],"predecessor-version":[{"id":1736,"href":"https:\/\/mbtb.pl\/index.php?rest_route=\/wp\/v2\/pages\/606\/revisions\/1736"}],"wp:attachment":[{"href":"https:\/\/mbtb.pl\/index.php?rest_route=%2Fwp%2Fv2%2Fmedia&parent=606"}],"curies":[{"name":"wp","href":"https:\/\/api.w.org\/{rel}","templated":true}]}}