{"id":841,"date":"2025-02-20T13:36:09","date_gmt":"2025-02-20T12:36:09","guid":{"rendered":"https:\/\/demo-projekt.legnica.pl\/?page_id=841"},"modified":"2025-03-17T16:12:29","modified_gmt":"2025-03-17T15:12:29","slug":"dobor-i-kontrola-materialow","status":"publish","type":"page","link":"https:\/\/mbtb.pl\/?page_id=841","title":{"rendered":"Dob\u00f3r i Kontrola materia\u0142\u00f3w"},"content":{"rendered":"<div  data-label=\"Content\" data-id=\"content--1\" data-export-id=\"content-7-mc\" data-category=\"content\" class=\"content-7-mc content-section content-section-spacing\" id=\"content-1\" style=\"background-color: rgb(255, 255, 255);\"><div  class=\"gridContainer\"> <div  class=\"row middle-sm\"><div  class=\"col-sm-6 space-bottom-xs\" data-type=\"column\">   <p  class=\"lead\"><span  id=\"_mce_caret\" data-mce-bogus=\"1\" data-mce-type=\"format-caret\"><span  style=\"font-weight: 400;\"><span  style=\"font-weight: 900;\">Pomog\u0119 Ci<\/span> wybra\u0107 odpowiednie materia\u0142y do budowy nawierzchni, tarasu, podjazdu, \u015bcie\u017cek ogrodowych, a tak\u017ce ma\u0142ej architektury, takiej jak <span  style=\"font-weight: 900;\">donice betonowe czy mury oporowe.<\/span><br >\nWybierzemy materia\u0142 dopasowany do potrzeb inwestycji, charakterystyki terenu oraz planowanego obci\u0105\u017cenia u\u017cytkowego. Moje rekomendacje opieraj\u0105 si\u0119 na aktualnych normach technicznych oraz produktach dost\u0119pnych na rynku.\ufeff<\/span><\/span><\/p><\/div> <div  class=\"col-sm-6\" data-type=\"column\"> <img  decoding=\"async\" class=\"shadow-large\" src=\"https:\/\/mbtb.pl\/wp-content\/uploads\/2025\/02\/cropped-7-scaled-1.jpg\" title=\"7\" alt=\"\"><\/div> <\/div><\/div> <\/div><div  data-label=\"Content\" data-id=\"content--2\" data-export-id=\"content-8-mc\" data-category=\"content\" class=\"content-8-mc content-section content-section-spacing\" id=\"content-2\" style=\"background-color: rgb(255, 255, 255); background-image: none;\"><div  class=\"gridContainer\"> <div  class=\"row middle-sm\"><div  class=\"col-sm-6 space-bottom-xs space-top-xs\" data-type=\"column\"> <img  decoding=\"async\" class=\"shadow-large\" src=\"https:\/\/mbtb.pl\/wp-content\/uploads\/2025\/02\/cropped-8-scaled-1.jpg\" title=\"8\" alt=\"\"><\/div> <div  class=\"col-sm-6\" data-type=\"column\">  <p  class=\"lead\"><span  style=\"font-weight: 400;\"><span  style=\"font-weight: 900;\">Zweryfikuj\u0119<\/span> jako\u015b\u0107 u\u017cytych materia\u0142\u00f3w, aby mie\u0107 pewno\u015b\u0107, \u017ce spe\u0142niaj\u0105 wszystkie normy i wymagania.<br ><span  style=\"font-weight: 900;\">Wykonam badania<\/span> techniczne mieszanek kruszyw u\u017cytych do realizacji inwestycji oraz oceni\u0119 ich przydatno\u015bci do stosowania. W wymaganych przypadkach, zgodno\u015b\u0107 materia\u0142\u00f3w z normami oraz ocena ich parametr\u00f3w no\u015bno\u015bci i stabilno\u015bci zag\u0119szczenia mog\u0105 zosta\u0107 wykonane w laboratorium akredytowanym.<\/span><br ><span  style=\"font-weight: 400;\"><span  style=\"font-weight: 900;\">\nSprawdz\u0119<\/span> wykonanie podbudowy, co pozwoli unikn\u0105\u0107 kolein i zapadania si\u0119 kostki w trakcie u\u017cytkowania.<\/span><\/p><\/div> <\/div><\/div> <\/div><div  data-label=\"Content\" data-id=\"content--3\" data-export-id=\"content-7-mc\" data-category=\"content\" class=\"content-7-mc content-section content-section-spacing\" id=\"content-3\" style=\"background-color: rgb(255, 255, 255);\"><div  class=\"gridContainer\"> <div  class=\"row middle-sm\"><div  class=\"col-sm-6 space-bottom-xs\" data-type=\"column\">   <p  class=\"lead\"><span  style=\"font-weight: 400;\"><span  style=\"font-weight: 900;\">Dobior\u0119<\/span> odpowiednie materia\u0142y do fugowania, kt\u00f3re zapewni\u0105 trwa\u0142o\u015b\u0107 i estetyk\u0119 nawierzchni. Przeanalizuj\u0119 w\u0142a\u015bciwo\u015bci u\u017cytych piask\u00f3w lub innych materia\u0142\u00f3w zastosowanych do wype\u0142nienia spoin.<\/span><br ><span  style=\"font-weight: 900;\">\nInwestuj m\u0105drze, wybieraj\u0105c materia\u0142y ze sprawdzonego \u017ar\u00f3d\u0142a.<\/span><\/p><a  class=\"button color1\" href=\"mailto:m.buczek@mbtb.pl\" target=\"_self\" data-cp-link=\"1\" data-icon=\"\">Napisz<\/a><a  class=\"button color1\" href=\"tel:531382188\" target=\"_self\" data-cp-link=\"1\" data-icon=\"\">Zadzwo\u0144<\/a><\/div> <div  class=\"col-sm-6\" data-type=\"column\"> <img  decoding=\"async\" class=\"shadow-large\" src=\"https:\/\/mbtb.pl\/wp-content\/uploads\/2025\/02\/cropped-9-scaled-1.jpg\" title=\"9\" alt=\"\"><\/div> <\/div><\/div> <\/div>","protected":false},"excerpt":{"rendered":"<p>Pomog\u0119 Ci wybra\u0107 odpowiednie materia\u0142y do budowy nawierzchni, tarasu, podjazdu, \u015bcie\u017cek ogrodowych, a tak\u017ce ma\u0142ej architektury, takiej jak donice betonowe czy mury oporowe. Wybierzemy materia\u0142 dopasowany do potrzeb inwestycji, charakterystyki terenu oraz planowanego obci\u0105\u017cenia u\u017cytkowego. Moje rekomendacje opieraj\u0105 si\u0119 na aktualnych normach technicznych oraz produktach dost\u0119pnych na rynku.\ufeff Zweryfikuj\u0119 jako\u015b\u0107 u\u017cytych materia\u0142\u00f3w, aby mie\u0107 pewno\u015b\u0107,<a class=\"moretag\" href=\"https:\/\/mbtb.pl\/?page_id=841\">          Czytaj ca\u0142y artyku\u0142&#8230;<\/a><\/p>\n","protected":false},"author":1,"featured_media":0,"parent":0,"menu_order":0,"comment_status":"closed","ping_status":"closed","template":"pro\/page-templates\/full-width-page.php","meta":{"footnotes":""},"class_list":["post-841","page","type-page","status-publish","hentry"],"_links":{"self":[{"href":"https:\/\/mbtb.pl\/index.php?rest_route=\/wp\/v2\/pages\/841","targetHints":{"allow":["GET"]}}],"collection":[{"href":"https:\/\/mbtb.pl\/index.php?rest_route=\/wp\/v2\/pages"}],"about":[{"href":"https:\/\/mbtb.pl\/index.php?rest_route=\/wp\/v2\/types\/page"}],"author":[{"embeddable":true,"href":"https:\/\/mbtb.pl\/index.php?rest_route=\/wp\/v2\/users\/1"}],"replies":[{"embeddable":true,"href":"https:\/\/mbtb.pl\/index.php?rest_route=%2Fwp%2Fv2%2Fcomments&post=841"}],"version-history":[{"count":15,"href":"https:\/\/mbtb.pl\/index.php?rest_route=\/wp\/v2\/pages\/841\/revisions"}],"predecessor-version":[{"id":1289,"href":"https:\/\/mbtb.pl\/index.php?rest_route=\/wp\/v2\/pages\/841\/revisions\/1289"}],"wp:attachment":[{"href":"https:\/\/mbtb.pl\/index.php?rest_route=%2Fwp%2Fv2%2Fmedia&parent=841"}],"curies":[{"name":"wp","href":"https:\/\/api.w.org\/{rel}","templated":true}]}}