{"id":845,"date":"2025-02-20T13:36:52","date_gmt":"2025-02-20T12:36:52","guid":{"rendered":"https:\/\/demo-projekt.legnica.pl\/?page_id=845"},"modified":"2025-03-17T16:17:40","modified_gmt":"2025-03-17T15:17:40","slug":"nadzor-i-kontrola-realizacji-inwestycji","status":"publish","type":"page","link":"https:\/\/mbtb.pl\/?page_id=845","title":{"rendered":"Nadz\u00f3r i Kontrola Realizacji Inwestycji"},"content":{"rendered":"<div  data-label=\"Content\" data-id=\"content--1\" data-export-id=\"content-7-mc\" data-category=\"content\" class=\"content-7-mc content-section content-section-spacing\" id=\"content-1\" style=\"background-color: rgb(255, 255, 255); background-image: none;\"><div  class=\"gridContainer\"> <div  class=\"row middle-sm\"><div  class=\"col-sm-6 space-bottom-xs\" data-type=\"column\"><p  class=\"lead\"><span  style=\"font-weight: 400;\"><span  style=\"font-weight: 900;\">Zweryfikuj\u0119<\/span> parametry techniczne nawierzchni, takie jak grubo\u015bci warstw podbudowy, w\u0142a\u015bciwo\u015bci podsypki oraz stopie\u0144 zag\u0119szczenia zgodnie z wymaganiami projektu i normy.<\/span><br ><span  style=\"font-weight: 400;\"><span  style=\"font-weight: 900;\">\nMonitoruj\u0119<\/span> proces wykonawczy, aby zapewni\u0107, \u017ce ka\u017cdy etap wykonania \u2013 od przygotowania podbudowy po fugowanie \u2013 spe\u0142nia wymagania techniczne oraz standardy jako\u015bciowe.<\/span><\/p>   <\/div> <div  class=\"col-sm-6\" data-type=\"column\"> <img decoding=\"async\"  class=\"shadow-large\" src=\"https:\/\/mbtb.pl\/wp-content\/uploads\/2025\/02\/cropped-cropped-10-scaled-1.jpg\" title=\"10\" alt=\"\"><\/div> <\/div><\/div> <\/div><div  data-label=\"Content\" data-id=\"content--2\" data-export-id=\"content-8-mc\" data-category=\"content\" class=\"content-8-mc content-section content-section-spacing\" id=\"content-2\" style=\"background-color: rgb(255, 255, 255); background-image: none;\"><div  class=\"gridContainer\"> <div  class=\"row middle-sm\"><div  class=\"col-sm-6 space-bottom-xs space-top-xs\" data-type=\"column\"> <img decoding=\"async\"  class=\"shadow-large\" src=\"https:\/\/mbtb.pl\/wp-content\/uploads\/2025\/02\/cropped-cropped-11-scaled-1.jpg\" title=\"11\" alt=\"\"><\/div> <div  class=\"col-sm-6\" data-type=\"column\"><p  class=\"lead\"><span  style=\"font-weight: 400;\"><span  style=\"font-weight: 900;\">Sprawdz\u0119<\/span> wymiary i uk\u0142ad nawierzchni, skontroluj\u0119 zgodno\u015bci u\u0142o\u017cenia kostek z projektem, w tym zachowania odpowiednich dystans\u00f3w, spadk\u00f3w oraz liniowo\u015bci nawierzchni.<\/span><\/p>  <\/div> <\/div><\/div> <\/div><div  data-label=\"Content\" data-id=\"content--3\" data-export-id=\"content-7-mc\" data-category=\"content\" class=\"content-7-mc content-section content-section-spacing\" id=\"content-3\" style=\"background-color: rgb(255, 255, 255); background-image: none;\"><div  class=\"gridContainer\"> <div  class=\"row middle-sm\"><div  class=\"col-sm-6 space-bottom-xs\" data-type=\"column\">   <p  class=\"lead\"><span  style=\"font-weight: 400;\">Dok\u0142adnie sprawdz\u0119 stan wykonania nawierzchni, sporz\u0105dz\u0119 dokumentacj\u0119 odbioru, uwzgl\u0119dniaj\u0105c ewentualne uwagi lub zalecenia.<\/span><br ><span  style=\"font-weight: 900;\">\nZadbaj o swoj\u0105 inwestycj\u0119 z pomoc\u0105 eksperta!<\/span><\/p><a  class=\"button color1\" href=\"mailto:m.buczek@mbtb.pl\" target=\"_self\" data-cp-link=\"1\" data-icon=\"\">Napisz<\/a><a  class=\"button color1\" href=\"tel:531382188\" target=\"_self\" data-cp-link=\"1\" data-icon=\"\">Zadzwo\u0144<\/a><\/div> <div  class=\"col-sm-6\" data-type=\"column\"> <img decoding=\"async\"  class=\"shadow-large\" src=\"https:\/\/mbtb.pl\/wp-content\/uploads\/2025\/03\/cropped-cropped-12.1.jpg\" title=\"cropped-cropped-12.1.jpg\" alt=\"\"><\/div> <\/div><\/div> <\/div>","protected":false},"excerpt":{"rendered":"<p>Zweryfikuj\u0119 parametry techniczne nawierzchni, takie jak grubo\u015bci warstw podbudowy, w\u0142a\u015bciwo\u015bci podsypki oraz stopie\u0144 zag\u0119szczenia zgodnie z wymaganiami projektu i normy. Monitoruj\u0119 proces wykonawczy, aby zapewni\u0107, \u017ce ka\u017cdy etap wykonania \u2013 od przygotowania podbudowy po fugowanie \u2013 spe\u0142nia wymagania techniczne oraz standardy jako\u015bciowe. Sprawdz\u0119 wymiary i uk\u0142ad nawierzchni, skontroluj\u0119 zgodno\u015bci u\u0142o\u017cenia kostek z projektem, w tym<a class=\"moretag\" href=\"https:\/\/mbtb.pl\/?page_id=845\">          Czytaj ca\u0142y artyku\u0142&#8230;<\/a><\/p>\n","protected":false},"author":1,"featured_media":0,"parent":0,"menu_order":0,"comment_status":"closed","ping_status":"closed","template":"pro\/page-templates\/full-width-page.php","meta":{"footnotes":""},"class_list":["post-845","page","type-page","status-publish","hentry"],"_links":{"self":[{"href":"https:\/\/mbtb.pl\/index.php?rest_route=\/wp\/v2\/pages\/845","targetHints":{"allow":["GET"]}}],"collection":[{"href":"https:\/\/mbtb.pl\/index.php?rest_route=\/wp\/v2\/pages"}],"about":[{"href":"https:\/\/mbtb.pl\/index.php?rest_route=\/wp\/v2\/types\/page"}],"author":[{"embeddable":true,"href":"https:\/\/mbtb.pl\/index.php?rest_route=\/wp\/v2\/users\/1"}],"replies":[{"embeddable":true,"href":"https:\/\/mbtb.pl\/index.php?rest_route=%2Fwp%2Fv2%2Fcomments&post=845"}],"version-history":[{"count":23,"href":"https:\/\/mbtb.pl\/index.php?rest_route=\/wp\/v2\/pages\/845\/revisions"}],"predecessor-version":[{"id":1291,"href":"https:\/\/mbtb.pl\/index.php?rest_route=\/wp\/v2\/pages\/845\/revisions\/1291"}],"wp:attachment":[{"href":"https:\/\/mbtb.pl\/index.php?rest_route=%2Fwp%2Fv2%2Fmedia&parent=845"}],"curies":[{"name":"wp","href":"https:\/\/api.w.org\/{rel}","templated":true}]}}