{"id":846,"date":"2025-02-20T13:37:02","date_gmt":"2025-02-20T12:37:02","guid":{"rendered":"https:\/\/demo-projekt.legnica.pl\/?page_id=846"},"modified":"2025-03-17T16:18:27","modified_gmt":"2025-03-17T15:18:27","slug":"plan-uzytkowania-i-konserwacji","status":"publish","type":"page","link":"https:\/\/mbtb.pl\/?page_id=846","title":{"rendered":"Plan u\u017cytkowania i konserwacji"},"content":{"rendered":"<div  data-label=\"Content\" data-id=\"content--1\" data-export-id=\"content-7-mc\" data-category=\"content\" class=\"content-7-mc content-section content-section-spacing\" id=\"content-1\" style=\"background-color: rgb(255, 255, 255); background-image: none;\"><div  class=\"gridContainer\"> <div  class=\"row middle-sm\"><div  class=\"col-sm-6 space-bottom-xs\" data-type=\"column\"><p  class=\"lead\"><span  style=\"font-weight: 400;\">Ka\u017cda nawierzchnia wymaga regularnych prac konserwacyjnych.<\/span><br ><span  style=\"font-weight: 400;\"><span  style=\"font-weight: 900;\">\nOpracuj\u0119<\/span> dla Twojej nawierzchni plan odpowiednich metod czyszczenia i konserwacji.&nbsp;<\/span><span  style=\"font-weight: 400;\">Dostosowany do rodzaju zabrudze\u0144, takich jak kurz, osady, plamy olejowe, mech czy glony, aby\u015b m\u00f3g\u0142 cieszy\u0107 si\u0119 jej pi\u0119knem przez wiele lat.<\/span><br ><span  style=\"font-weight: 400;\"><span  style=\"font-weight: 900;\">\nDoradz\u0119<\/span> Ci w wyborze odpowiednich \u015brodk\u00f3w czysto\u015bci i impregnat\u00f3w. Opracuj\u0119 wskaz\u00f3wki dotycz\u0105ce stosowania impregnat\u00f3w ochronnych, kt\u00f3re zapobiegaj\u0105 wnikaniu wody, t\u0142uszcz\u00f3w i&nbsp;<\/span><span  style=\"font-weight: 400;\">innych substancji, chroni\u0105c nawierzchni\u0119 przed uszkodzeniami i odbarwieniami.<\/span><\/p>   <\/div> <div  class=\"col-sm-6\" data-type=\"column\"> <img decoding=\"async\"  class=\"shadow-large\" src=\"https:\/\/mbtb.pl\/wp-content\/uploads\/2024\/12\/cropped-13-scaled-1.jpg\" title=\"13\" alt=\"\"><\/div> <\/div><\/div> <\/div><div  data-label=\"Content\" data-id=\"content--2\" data-export-id=\"content-8-mc\" data-category=\"content\" class=\"content-8-mc content-section content-section-spacing\" id=\"content-2\" style=\"background-color: rgb(255, 255, 255);\"><div  class=\"gridContainer\"> <div  class=\"row middle-sm\"><div  class=\"col-sm-6 space-bottom-xs space-top-xs\" data-type=\"column\"> <img decoding=\"async\"  class=\"shadow-large\" src=\"https:\/\/mbtb.pl\/wp-content\/uploads\/2025\/02\/cropped-cropped-14.png\" title=\"cropped-cropped-14.png\" alt=\"\"><\/div> <div  class=\"col-sm-6\" data-type=\"column\"><p  class=\"lead\"><span  style=\"font-weight: 400;\"><span  style=\"font-weight: 900;\">Oferuj\u0119<\/span> Ci profesjonalne wsparcie w d\u0142ugoterminowej piel\u0119gnacji nawierzchni. Okresowe przegl\u0105dy, mo\u017cliwo\u015b\u0107 cyklicznej kontroli stanu nawierzchni, dzi\u0119ki czemu mo\u017cna wcze\u015bnie wykry\u0107 i usun\u0105\u0107 potencjalne problemy. Oferuje us\u0142ug\u0119 profesjonalnego czyszczenia i konserwacji nawierzchni.<\/span><\/p>  <\/div> <\/div><\/div> <\/div><div  data-label=\"Content\" data-id=\"content--3\" data-export-id=\"content-7-mc\" data-category=\"content\" class=\"content-7-mc content-section content-section-spacing\" id=\"content-3\" style=\"background-color: rgb(255, 255, 255); background-image: none;\"><div  class=\"gridContainer\"> <div  class=\"row middle-sm\"><div  class=\"col-sm-6 space-bottom-xs\" data-type=\"column\">   <p  class=\"lead\"><span  style=\"font-weight: 400;\"><span  style=\"font-weight: 900;\">Przeprowadz\u0119<\/span> dla Ciebie <span  style=\"font-weight: 900;\">instrukta\u017c<\/span> z zakresu w\u0142a\u015bciwych technik czyszczenia i konserwacji. Regularne sprawdzanie stanu fug oraz uzupe\u0142nianie ubytk\u00f3w, zapobiega os\u0142abieniu konstrukcji nawierzchni i przerastaniu chwast\u00f3w.<\/span><br ><span  style=\"font-weight: 400;\">\nWskaz\u00f3wki dotycz\u0105ce usuwania trudnych plam (np. z olej\u00f3w czy farb) oraz drobnych napraw mechanicznych, takich jak wymiana uszkodzonych kostek.<\/span><br ><span  style=\"font-weight: 400;\"><span  style=\"font-weight: 900;\">\nZapewniam<\/span> list\u0119 dost\u0119pnych i rekomendowanych \u015brodk\u00f3w, dostosowanych do rodzaju nawierzchni oraz poziomu zabrudze\u0144. Instrukcj\u0119 stosowania preparat\u00f3w, uwzgl\u0119dniaj\u0105c\u0105 ich wp\u0142yw na \u015brodowisko i bezpiecze\u0144stwo u\u017cytkownik\u00f3w.<\/span><br ><span  style=\"font-weight: 900;\">\nPostaw na trwa\u0142o\u015b\u0107 i estetyk\u0119 nawierzchni.<\/span><\/p><a  class=\"button color1\" href=\"mailto:m.buczek@mbtb.pl\" target=\"_self\" data-cp-link=\"1\" data-icon=\"\">Napisz<\/a><a  class=\"button color1\" href=\"tel:531382188\" target=\"_self\" data-cp-link=\"1\" data-icon=\"\">Zadzwo\u0144<\/a><\/div> <div  class=\"col-sm-6\" data-type=\"column\"> <img decoding=\"async\"  class=\"shadow-large\" src=\"https:\/\/mbtb.pl\/wp-content\/uploads\/2025\/02\/cropped-cropped-15.jpg\" title=\"cropped-cropped-15.jpg\" alt=\"\"><\/div> <\/div><\/div> <\/div>","protected":false},"excerpt":{"rendered":"<p>Ka\u017cda nawierzchnia wymaga regularnych prac konserwacyjnych. Opracuj\u0119 dla Twojej nawierzchni plan odpowiednich metod czyszczenia i konserwacji.&nbsp;Dostosowany do rodzaju zabrudze\u0144, takich jak kurz, osady, plamy olejowe, mech czy glony, aby\u015b m\u00f3g\u0142 cieszy\u0107 si\u0119 jej pi\u0119knem przez wiele lat. Doradz\u0119 Ci w wyborze odpowiednich \u015brodk\u00f3w czysto\u015bci i impregnat\u00f3w. Opracuj\u0119 wskaz\u00f3wki dotycz\u0105ce stosowania impregnat\u00f3w ochronnych, kt\u00f3re zapobiegaj\u0105 wnikaniu<a class=\"moretag\" href=\"https:\/\/mbtb.pl\/?page_id=846\">          Czytaj ca\u0142y artyku\u0142&#8230;<\/a><\/p>\n","protected":false},"author":1,"featured_media":0,"parent":0,"menu_order":0,"comment_status":"closed","ping_status":"closed","template":"pro\/page-templates\/full-width-page.php","meta":{"footnotes":""},"class_list":["post-846","page","type-page","status-publish","hentry"],"_links":{"self":[{"href":"https:\/\/mbtb.pl\/index.php?rest_route=\/wp\/v2\/pages\/846","targetHints":{"allow":["GET"]}}],"collection":[{"href":"https:\/\/mbtb.pl\/index.php?rest_route=\/wp\/v2\/pages"}],"about":[{"href":"https:\/\/mbtb.pl\/index.php?rest_route=\/wp\/v2\/types\/page"}],"author":[{"embeddable":true,"href":"https:\/\/mbtb.pl\/index.php?rest_route=\/wp\/v2\/users\/1"}],"replies":[{"embeddable":true,"href":"https:\/\/mbtb.pl\/index.php?rest_route=%2Fwp%2Fv2%2Fcomments&post=846"}],"version-history":[{"count":18,"href":"https:\/\/mbtb.pl\/index.php?rest_route=\/wp\/v2\/pages\/846\/revisions"}],"predecessor-version":[{"id":1293,"href":"https:\/\/mbtb.pl\/index.php?rest_route=\/wp\/v2\/pages\/846\/revisions\/1293"}],"wp:attachment":[{"href":"https:\/\/mbtb.pl\/index.php?rest_route=%2Fwp%2Fv2%2Fmedia&parent=846"}],"curies":[{"name":"wp","href":"https:\/\/api.w.org\/{rel}","templated":true}]}}